{"id":10350,"date":"2023-02-02T14:56:24","date_gmt":"2023-02-02T13:56:24","guid":{"rendered":"https:\/\/french-albion.com\/?page_id=10350"},"modified":"2024-01-19T14:06:09","modified_gmt":"2024-01-19T13:06:09","slug":"boutique","status":"publish","type":"page","link":"https:\/\/french-albion.com\/fr\/boutique\/","title":{"rendered":"Boutique"},"content":{"rendered":"\t\t<div data-elementor-type=\"wp-page\" data-elementor-id=\"10350\" class=\"elementor elementor-10350\">\n\t\t\t\t\t\t<section class=\"elementor-section elementor-top-section elementor-element elementor-element-6961779 elementor-section-full_width elementor-section-height-default elementor-section-height-default qodef-elementor-content-no\" data-id=\"6961779\" data-element_type=\"section\">\n\t\t\t\t\t\t<div class=\"elementor-container elementor-column-gap-default\">\n\t\t\t\t\t<div class=\"elementor-column elementor-col-100 elementor-top-column elementor-element elementor-element-b87f15d\" data-id=\"b87f15d\" data-element_type=\"column\">\n\t\t\t<div class=\"elementor-widget-wrap elementor-element-populated\">\n\t\t\t\t\t\t<div class=\"elementor-element elementor-element-72ff954 elementor-widget elementor-widget-text-editor\" data-id=\"72ff954\" data-element_type=\"widget\" data-widget_type=\"text-editor.default\">\n\t\t\t\t\t\t\t\t\t<h1>Notre boutique Wigwam<\/h1>\t\t\t\t\t\t\t\t<\/div>\n\t\t\t\t\t<\/div>\n\t\t<\/div>\n\t\t\t\t\t<\/div>\n\t\t<\/section>\n\t\t\t\t<section class=\"elementor-section elementor-top-section elementor-element elementor-element-ca2e2b7 elementor-section-full_width elementor-reverse-tablet elementor-reverse-mobile elementor-section-height-default elementor-section-height-default qodef-elementor-content-no\" data-id=\"ca2e2b7\" data-element_type=\"section\">\n\t\t\t\t\t\t<div class=\"elementor-container elementor-column-gap-default\">\n\t\t\t\t\t<div class=\"elementor-column elementor-col-50 elementor-top-column elementor-element elementor-element-e61dfd7\" data-id=\"e61dfd7\" data-element_type=\"column\">\n\t\t\t<div class=\"elementor-widget-wrap elementor-element-populated\">\n\t\t\t\t\t\t<div class=\"elementor-element elementor-element-8cb36d4 elementor-widget elementor-widget-henrik_core_single_image\" data-id=\"8cb36d4\" data-element_type=\"widget\" data-widget_type=\"henrik_core_single_image.default\">\n\t\t\t\t<div class=\"elementor-widget-container\">\n\t\t\t\t\t<div class=\"qodef-shortcode qodef-m  qodef-single-image qodef-layout--default \">\n\t<div class=\"qodef-m-image\">\n\t\t\t<img fetchpriority=\"high\" decoding=\"async\" width=\"1280\" height=\"854\" src=\"https:\/\/french-albion.com\/wp-content\/uploads\/2024\/01\/5W2A1276-HDR-jpeg.webp\" class=\"attachment-full size-full\" alt=\"\" \/>\t<\/div>\n<\/div>\n\t\t\t\t<\/div>\n\t\t\t\t<\/div>\n\t\t\t\t\t<\/div>\n\t\t<\/div>\n\t\t\t\t<div class=\"elementor-column elementor-col-50 elementor-top-column elementor-element elementor-element-dbd6256\" data-id=\"dbd6256\" data-element_type=\"column\">\n\t\t\t<div class=\"elementor-widget-wrap elementor-element-populated\">\n\t\t\t\t\t\t<div class=\"elementor-element elementor-element-854563a elementor-widget elementor-widget-text-editor\" data-id=\"854563a\" data-element_type=\"widget\" data-widget_type=\"text-editor.default\">\n\t\t\t\t\t\t\t\t\t<p>Dans la langue des Am\u00e9rindiens, un Wigwam est une tente tipi, un abri, un lieu de paix et de rassemblement pour la tribu. Chez French Albion, nous avons imagin\u00e9 notre boutique comme un point de rencontre pour les amateurs d&rsquo;Outdoor, un hub pour les amoureux de la Montagne &amp; de l&rsquo;Oc\u00e9an. Ainsi, en 2021, nous avons d\u00e9m\u00e9nag\u00e9 nos bureaux \u00e0 Bidart et saisi l&rsquo;opportunit\u00e9 d&rsquo;ouvrir notre tout premier magasin appel\u00e9 Wigwam, rattach\u00e9 \u00e0 notre showroom.<br \/>Vous y trouverez toutes les marques que nous repr\u00e9sentons mais aussi des labels fabriqu\u00e9s localement et une s\u00e9lection raffin\u00e9e de marques Premium Outdoor &amp; Beach qui partagent les m\u00eames valeurs que nous.<\/p>\t\t\t\t\t\t\t\t<\/div>\n\t\t\t\t<section class=\"elementor-section elementor-inner-section elementor-element elementor-element-fbd6472 elementor-section-boxed elementor-section-height-default elementor-section-height-default qodef-elementor-content-no\" data-id=\"fbd6472\" data-element_type=\"section\">\n\t\t\t\t\t\t<div class=\"elementor-container elementor-column-gap-default\">\n\t\t\t\t\t<div class=\"elementor-column elementor-col-33 elementor-inner-column elementor-element elementor-element-4bae2a7\" data-id=\"4bae2a7\" data-element_type=\"column\">\n\t\t\t<div class=\"elementor-widget-wrap elementor-element-populated\">\n\t\t\t\t\t\t<div class=\"elementor-element elementor-element-dc39a30 elementor-widget elementor-widget-image\" data-id=\"dc39a30\" data-element_type=\"widget\" data-widget_type=\"image.default\">\n\t\t\t\t\t\t\t\t\t\t\t\t\t\t\t<img decoding=\"async\" src=\"https:\/\/french-albion.com\/wp-content\/uploads\/elementor\/thumbs\/Logo_Wigwam-jpg-q30elxfz5e7mvi7t5ksbgegl47xefo1kppwvq3ruru.webp\" title=\"Logo_Wigwam_Quadri_Vecto\" alt=\"Logo_Wigwam_Quadri_Vecto\" loading=\"lazy\" \/>\t\t\t\t\t\t\t\t\t\t\t\t\t\t\t<\/div>\n\t\t\t\t\t<\/div>\n\t\t<\/div>\n\t\t\t\t<div class=\"elementor-column elementor-col-33 elementor-inner-column elementor-element elementor-element-41ec2ae\" data-id=\"41ec2ae\" data-element_type=\"column\">\n\t\t\t<div class=\"elementor-widget-wrap elementor-element-populated\">\n\t\t\t\t\t\t<div class=\"elementor-element elementor-element-f35aae9 elementor-widget elementor-widget-henrik_core_icon_with_text\" data-id=\"f35aae9\" data-element_type=\"widget\" data-widget_type=\"henrik_core_icon_with_text.default\">\n\t\t\t\t<div class=\"elementor-widget-container\">\n\t\t\t\t\t<div class=\"qodef-shortcode qodef-m  qodef-icon-with-text qodef-layout--before-content qodef--icon-pack\">\n\t<div class=\"qodef-m-icon-wrapper\">\n\t\t<span class=\"qodef-shortcode qodef-m  qodef-icon-holder qodef-size--default qodef-layout--normal\"  >\t\t\t\t<\/span>\t<\/div>\n\t<div class=\"qodef-m-content\">\n\t\t\t<h5 class=\"qodef-m-title\" style=\"margin-top: 3px\">\n\t\t\t\t\t<span class=\"qodef-m-title-text\">E-shop<\/span>\n\t\t\t<\/h5>\n\t\t\t<\/div>\n<\/div>\n\t\t\t\t<\/div>\n\t\t\t\t<\/div>\n\t\t\t\t<div class=\"elementor-element elementor-element-975d764 elementor-widget elementor-widget-text-editor\" data-id=\"975d764\" data-element_type=\"widget\" data-widget_type=\"text-editor.default\">\n\t\t\t\t\t\t\t\t\t<a class=\"qodef-custom-inner-link\" href=\"https:\/\/wigwam.store\/\" target=\"_blank\" rel=\"noopener\">wigwam.store<\/a>\t\t\t\t\t\t\t\t<\/div>\n\t\t\t\t\t<\/div>\n\t\t<\/div>\n\t\t\t\t<div class=\"elementor-column elementor-col-33 elementor-inner-column elementor-element elementor-element-1cd68ef\" data-id=\"1cd68ef\" data-element_type=\"column\">\n\t\t\t<div class=\"elementor-widget-wrap elementor-element-populated\">\n\t\t\t\t\t\t<div class=\"elementor-element elementor-element-638efdd elementor-widget elementor-widget-henrik_core_icon_with_text\" data-id=\"638efdd\" data-element_type=\"widget\" data-widget_type=\"henrik_core_icon_with_text.default\">\n\t\t\t\t<div class=\"elementor-widget-container\">\n\t\t\t\t\t<div class=\"qodef-shortcode qodef-m  qodef-icon-with-text qodef-layout--before-content qodef--icon-pack\">\n\t<div class=\"qodef-m-icon-wrapper\">\n\t\t<span class=\"qodef-shortcode qodef-m  qodef-icon-holder qodef-size--default qodef-layout--normal\"  >\t\t\t\t<\/span>\t<\/div>\n\t<div class=\"qodef-m-content\">\n\t\t\t<h5 class=\"qodef-m-title\" style=\"margin-top: 3px\">\n\t\t\t\t\t<span class=\"qodef-m-title-text\">Follow us<\/span>\n\t\t\t<\/h5>\n\t\t\t<\/div>\n<\/div>\n\t\t\t\t<\/div>\n\t\t\t\t<\/div>\n\t\t\t\t<div class=\"elementor-element elementor-element-1658d2d elementor-widget elementor-widget-text-editor\" data-id=\"1658d2d\" data-element_type=\"widget\" data-widget_type=\"text-editor.default\">\n\t\t\t\t\t\t\t\t\t<p><a class=\"qodef-custom-inner-link\" href=\"https:\/\/www.instagram.com\/wigwam_store\/\" target=\"_blank\" rel=\"noopener\">Instagram<\/a><br \/><a class=\"qodef-custom-inner-link\" href=\"https:\/\/www.facebook.com\/Wigwam.Store\/\" target=\"_blank\" rel=\"noopener\">Facebook<\/a><\/p>\t\t\t\t\t\t\t\t<\/div>\n\t\t\t\t\t<\/div>\n\t\t<\/div>\n\t\t\t\t\t<\/div>\n\t\t<\/section>\n\t\t\t\t\t<\/div>\n\t\t<\/div>\n\t\t\t\t\t<\/div>\n\t\t<\/section>\n\t\t\t\t<section class=\"elementor-section elementor-top-section elementor-element elementor-element-70d8195 elementor-section-full_width elementor-section-height-default elementor-section-height-default qodef-elementor-content-no\" data-id=\"70d8195\" data-element_type=\"section\" data-settings=\"{&quot;background_background&quot;:&quot;classic&quot;}\">\n\t\t\t\t\t\t<div class=\"elementor-container elementor-column-gap-default\">\n\t\t\t\t\t<div class=\"elementor-column elementor-col-100 elementor-top-column elementor-element elementor-element-d2656aa\" data-id=\"d2656aa\" data-element_type=\"column\" data-settings=\"{&quot;background_background&quot;:&quot;classic&quot;}\">\n\t\t\t<div class=\"elementor-widget-wrap elementor-element-populated\">\n\t\t\t\t\t\t<div class=\"elementor-element elementor-element-776590e elementor-widget elementor-widget-text-editor\" data-id=\"776590e\" data-element_type=\"widget\" data-widget_type=\"text-editor.default\">\n\t\t\t\t\t\t\t\t\t<h2>Rendez-nous visite !<\/h2>\t\t\t\t\t\t\t\t<\/div>\n\t\t\t\t<div class=\"elementor-element elementor-element-fc65a1d elementor-widget__width-auto elementor-widget elementor-widget-text-editor\" data-id=\"fc65a1d\" data-element_type=\"widget\" data-widget_type=\"text-editor.default\">\n\t\t\t\t\t\t\t\t\t<p class=\"qodef-custom-paragraph-style\" style=\"margin: 0px 0 30px;\">Nous sommes bas\u00e9s \u00e0 Bidart sur la c\u00f4te basque \u00e0 quelques pas de l&rsquo;oc\u00e9an.<\/p>\t\t\t\t\t\t\t\t<\/div>\n\t\t\t\t<div class=\"elementor-element elementor-element-035b21c elementor-widget elementor-widget-html\" data-id=\"035b21c\" data-element_type=\"widget\" data-widget_type=\"html.default\">\n\t\t\t\t\t<iframe src=\"https:\/\/snazzymaps.com\/embed\/110836\" width=\"100%\" height=\"450px\" style=\"border:none;\"><\/iframe>\t\t\t\t<\/div>\n\t\t\t\t\t<\/div>\n\t\t<\/div>\n\t\t\t\t\t<\/div>\n\t\t<\/section>\n\t\t\t\t<\/div>\n\t\t","protected":false},"excerpt":{"rendered":"<p>Notre boutique Wigwam Dans la langue des Am\u00e9rindiens, un Wigwam est une tente tipi, un abri, un lieu de paix et de rassemblement pour la tribu. Chez French Albion, nous avons imagin\u00e9 notre boutique comme un point de rencontre pour les amateurs d&rsquo;Outdoor, un hub pour les amoureux de la Montagne &amp; de l&rsquo;Oc\u00e9an. Ainsi, [&hellip;]<\/p>\n","protected":false},"author":1,"featured_media":0,"parent":0,"menu_order":0,"comment_status":"closed","ping_status":"closed","template":"page-full-width.php","meta":{"footnotes":""},"class_list":["post-10350","page","type-page","status-publish","hentry"],"aioseo_notices":[],"_links":{"self":[{"href":"https:\/\/french-albion.com\/fr\/wp-json\/wp\/v2\/pages\/10350","targetHints":{"allow":["GET"]}}],"collection":[{"href":"https:\/\/french-albion.com\/fr\/wp-json\/wp\/v2\/pages"}],"about":[{"href":"https:\/\/french-albion.com\/fr\/wp-json\/wp\/v2\/types\/page"}],"author":[{"embeddable":true,"href":"https:\/\/french-albion.com\/fr\/wp-json\/wp\/v2\/users\/1"}],"replies":[{"embeddable":true,"href":"https:\/\/french-albion.com\/fr\/wp-json\/wp\/v2\/comments?post=10350"}],"version-history":[{"count":3,"href":"https:\/\/french-albion.com\/fr\/wp-json\/wp\/v2\/pages\/10350\/revisions"}],"predecessor-version":[{"id":11979,"href":"https:\/\/french-albion.com\/fr\/wp-json\/wp\/v2\/pages\/10350\/revisions\/11979"}],"wp:attachment":[{"href":"https:\/\/french-albion.com\/fr\/wp-json\/wp\/v2\/media?parent=10350"}],"curies":[{"name":"wp","href":"https:\/\/api.w.org\/{rel}","templated":true}]}}