{"id":8486,"date":"2021-04-02T10:42:53","date_gmt":"2021-04-02T08:42:53","guid":{"rendered":"https:\/\/french-albion.com\/contact\/"},"modified":"2024-02-05T15:55:29","modified_gmt":"2024-02-05T14:55:29","slug":"contact","status":"publish","type":"page","link":"https:\/\/french-albion.com\/fr\/contact\/","title":{"rendered":"Contact"},"content":{"rendered":"\t\t<div data-elementor-type=\"wp-page\" data-elementor-id=\"8486\" class=\"elementor elementor-8486\">\n\t\t\t\t\t\t<section class=\"elementor-section elementor-top-section elementor-element elementor-element-6961779 elementor-section-full_width elementor-section-height-default elementor-section-height-default qodef-elementor-content-no\" data-id=\"6961779\" data-element_type=\"section\">\n\t\t\t\t\t\t<div class=\"elementor-container elementor-column-gap-default\">\n\t\t\t\t\t<div class=\"elementor-column elementor-col-100 elementor-top-column elementor-element elementor-element-b87f15d\" data-id=\"b87f15d\" data-element_type=\"column\">\n\t\t\t<div class=\"elementor-widget-wrap elementor-element-populated\">\n\t\t\t\t\t\t<div class=\"elementor-element elementor-element-72ff954 elementor-widget elementor-widget-text-editor\" data-id=\"72ff954\" data-element_type=\"widget\" data-widget_type=\"text-editor.default\">\n\t\t\t\t\t\t\t\t\t<h1>Notre relation est primordiale<\/h1>\t\t\t\t\t\t\t\t<\/div>\n\t\t\t\t\t<\/div>\n\t\t<\/div>\n\t\t\t\t\t<\/div>\n\t\t<\/section>\n\t\t\t\t<section class=\"elementor-section elementor-top-section elementor-element elementor-element-96b59b9 elementor-section-full_width elementor-reverse-tablet elementor-reverse-mobile elementor-section-height-default elementor-section-height-default qodef-elementor-content-no\" data-id=\"96b59b9\" data-element_type=\"section\">\n\t\t\t\t\t\t<div class=\"elementor-container elementor-column-gap-default\">\n\t\t\t\t\t<div class=\"elementor-column elementor-col-50 elementor-top-column elementor-element elementor-element-57b637f\" data-id=\"57b637f\" data-element_type=\"column\">\n\t\t\t<div class=\"elementor-widget-wrap elementor-element-populated\">\n\t\t\t\t\t\t<div class=\"elementor-element elementor-element-cb2eacf elementor-widget elementor-widget-henrik_core_single_image\" data-id=\"cb2eacf\" data-element_type=\"widget\" data-widget_type=\"henrik_core_single_image.default\">\n\t\t\t\t<div class=\"elementor-widget-container\">\n\t\t\t\t\t<div class=\"qodef-shortcode qodef-m  qodef-single-image qodef-layout--default \">\n\t<div class=\"qodef-m-image\">\n\t\t\t<img fetchpriority=\"high\" decoding=\"async\" width=\"1000\" height=\"750\" src=\"https:\/\/french-albion.com\/wp-content\/uploads\/2023\/01\/contact-us.jpeg\" class=\"attachment-full size-full\" alt=\"\" srcset=\"https:\/\/french-albion.com\/wp-content\/uploads\/2023\/01\/contact-us.jpeg 1000w, https:\/\/french-albion.com\/wp-content\/uploads\/2023\/01\/contact-us-300x225.webp 300w, https:\/\/french-albion.com\/wp-content\/uploads\/2023\/01\/contact-us-768x576.webp 768w\" sizes=\"(max-width: 1000px) 100vw, 1000px\" \/>\t<\/div>\n<\/div>\n\t\t\t\t<\/div>\n\t\t\t\t<\/div>\n\t\t\t\t\t<\/div>\n\t\t<\/div>\n\t\t\t\t<div class=\"elementor-column elementor-col-50 elementor-top-column elementor-element elementor-element-9ece18c\" data-id=\"9ece18c\" data-element_type=\"column\">\n\t\t\t<div class=\"elementor-widget-wrap elementor-element-populated\">\n\t\t\t\t\t\t<section class=\"elementor-section elementor-inner-section elementor-element elementor-element-2acf164 elementor-section-boxed elementor-section-height-default elementor-section-height-default qodef-elementor-content-no\" data-id=\"2acf164\" data-element_type=\"section\">\n\t\t\t\t\t\t<div class=\"elementor-container elementor-column-gap-default\">\n\t\t\t\t\t<div class=\"elementor-column elementor-col-50 elementor-inner-column elementor-element elementor-element-98b7d6b\" data-id=\"98b7d6b\" data-element_type=\"column\">\n\t\t\t<div class=\"elementor-widget-wrap elementor-element-populated\">\n\t\t\t\t\t\t<div class=\"elementor-element elementor-element-7c7740a elementor-widget elementor-widget-henrik_core_icon_with_text\" data-id=\"7c7740a\" data-element_type=\"widget\" data-widget_type=\"henrik_core_icon_with_text.default\">\n\t\t\t\t<div class=\"elementor-widget-container\">\n\t\t\t\t\t<div class=\"qodef-shortcode qodef-m  qodef-icon-with-text qodef-layout--before-content qodef--icon-pack\">\n\t<div class=\"qodef-m-icon-wrapper\">\n\t\t<span class=\"qodef-shortcode qodef-m  qodef-icon-holder qodef-size--default qodef-layout--normal\"  >\t\t\t\t<\/span>\t<\/div>\n\t<div class=\"qodef-m-content\">\n\t\t\t<h5 class=\"qodef-m-title\" style=\"margin-top: 3px\">\n\t\t\t\t\t<span class=\"qodef-m-title-text\">BUREAUX \/ SHOWROOM<\/span>\n\t\t\t<\/h5>\n\t\t\t<\/div>\n<\/div>\n\t\t\t\t<\/div>\n\t\t\t\t<\/div>\n\t\t\t\t<div class=\"elementor-element elementor-element-96b3025 elementor-widget elementor-widget-text-editor\" data-id=\"96b3025\" data-element_type=\"widget\" data-widget_type=\"text-editor.default\">\n\t\t\t\t\t\t\t\t\t<p>French Albion<br \/>5 avenue de Cumba<br \/>64210 Bidart &#8211; France<\/p>\t\t\t\t\t\t\t\t<\/div>\n\t\t\t\t\t<\/div>\n\t\t<\/div>\n\t\t\t\t<div class=\"elementor-column elementor-col-50 elementor-inner-column elementor-element elementor-element-0afe697\" data-id=\"0afe697\" data-element_type=\"column\">\n\t\t\t<div class=\"elementor-widget-wrap elementor-element-populated\">\n\t\t\t\t\t\t<div class=\"elementor-element elementor-element-3b0f8c4 elementor-widget elementor-widget-henrik_core_icon_with_text\" data-id=\"3b0f8c4\" data-element_type=\"widget\" data-widget_type=\"henrik_core_icon_with_text.default\">\n\t\t\t\t<div class=\"elementor-widget-container\">\n\t\t\t\t\t<div class=\"qodef-shortcode qodef-m  qodef-icon-with-text qodef-layout--before-content qodef--icon-pack\">\n\t<div class=\"qodef-m-icon-wrapper\">\n\t\t<span class=\"qodef-shortcode qodef-m  qodef-icon-holder qodef-size--default qodef-layout--normal\"  >\t\t\t\t<\/span>\t<\/div>\n\t<div class=\"qodef-m-content\">\n\t\t\t<h5 class=\"qodef-m-title\" style=\"margin-top: 3px\">\n\t\t\t\t\t<span class=\"qodef-m-title-text\">nous suivre<\/span>\n\t\t\t<\/h5>\n\t\t\t<\/div>\n<\/div>\n\t\t\t\t<\/div>\n\t\t\t\t<\/div>\n\t\t\t\t<div class=\"elementor-element elementor-element-efeed06 elementor-widget elementor-widget-text-editor\" data-id=\"efeed06\" data-element_type=\"widget\" data-widget_type=\"text-editor.default\">\n\t\t\t\t\t\t\t\t\t<p><a class=\"qodef-custom-inner-link\" href=\"https:\/\/www.instagram.com\/french_albion\/\" target=\"_blank\" rel=\"noopener\">Instagram<\/a><br \/><a class=\"qodef-custom-inner-link\" href=\"https:\/\/www.linkedin.com\/company\/french-albion\/\" target=\"_blank\" rel=\"noopener\">Linkedin<\/a><\/p>\t\t\t\t\t\t\t\t<\/div>\n\t\t\t\t\t<\/div>\n\t\t<\/div>\n\t\t\t\t\t<\/div>\n\t\t<\/section>\n\t\t\t\t<div class=\"elementor-element elementor-element-d90b282 elementor-widget elementor-widget-qi_addons_for_elementor_contact_form_7\" data-id=\"d90b282\" data-element_type=\"widget\" data-widget_type=\"qi_addons_for_elementor_contact_form_7.default\">\n\t\t\t\t<div class=\"elementor-widget-container\">\n\t\t\t\t\t<div class=\"qodef-shortcode qodef-m qodef-qi-contact-form-7\">\n\t\n<div class=\"wpcf7 no-js\" id=\"wpcf7-f10993-o1\" lang=\"en-US\" dir=\"ltr\" data-wpcf7-id=\"10993\">\n<div class=\"screen-reader-response\"><p role=\"status\" aria-live=\"polite\" aria-atomic=\"true\"><\/p> <ul><\/ul><\/div>\n<form action=\"\/fr\/wp-json\/wp\/v2\/pages\/8486#wpcf7-f10993-o1\" method=\"post\" class=\"wpcf7-form init\" aria-label=\"Contact form\" novalidate=\"novalidate\" data-status=\"init\">\n<fieldset class=\"hidden-fields-container\"><input type=\"hidden\" name=\"_wpcf7\" value=\"10993\" \/><input type=\"hidden\" name=\"_wpcf7_version\" value=\"6.1.5\" \/><input type=\"hidden\" name=\"_wpcf7_locale\" value=\"en_US\" \/><input type=\"hidden\" name=\"_wpcf7_unit_tag\" value=\"wpcf7-f10993-o1\" \/><input type=\"hidden\" name=\"_wpcf7_container_post\" value=\"0\" \/><input type=\"hidden\" name=\"_wpcf7_posted_data_hash\" value=\"\" \/>\n<\/fieldset>\n<div class=\"qodef-get-in-touch\">\n<span class=\"wpcf7-form-control-wrap\" data-name=\"your-name\"><input size=\"40\" maxlength=\"400\" class=\"wpcf7-form-control wpcf7-text wpcf7-validates-as-required\" aria-required=\"true\" aria-invalid=\"false\" placeholder=\"Nom\" value=\"\" type=\"text\" name=\"your-name\" \/><\/span>\n<span class=\"wpcf7-form-control-wrap\" data-name=\"your-email\"><input size=\"40\" maxlength=\"400\" class=\"wpcf7-form-control wpcf7-email wpcf7-validates-as-required wpcf7-text wpcf7-validates-as-email\" aria-required=\"true\" aria-invalid=\"false\" placeholder=\"Email\" value=\"\" type=\"email\" name=\"your-email\" \/><\/span>\n<span class=\"wpcf7-form-control-wrap\" data-name=\"your-message\"><textarea cols=\"40\" rows=\"6\" maxlength=\"2000\" class=\"wpcf7-form-control wpcf7-textarea\" aria-invalid=\"false\" placeholder=\"Votre message\" name=\"your-message\"><\/textarea><\/span>\n<button class=\"wpcf7-form-control wpcf7-submit qodef-button qodef-size--normal qodef-layout--outlined qodef-m\" type=\"submit\"><span class=\"qodef-m-text\">Envoyer<\/span><\/button>\n<\/div><div class=\"wpcf7-response-output\" aria-hidden=\"true\"><\/div>\n<\/form>\n<\/div>\n<\/div>\n\t\t\t\t<\/div>\n\t\t\t\t<\/div>\n\t\t\t\t\t<\/div>\n\t\t<\/div>\n\t\t\t\t\t<\/div>\n\t\t<\/section>\n\t\t\t\t<section class=\"elementor-section elementor-top-section elementor-element elementor-element-70d8195 elementor-section-full_width elementor-section-height-default elementor-section-height-default qodef-elementor-content-no\" data-id=\"70d8195\" data-element_type=\"section\" data-settings=\"{&quot;background_background&quot;:&quot;classic&quot;}\">\n\t\t\t\t\t\t<div class=\"elementor-container elementor-column-gap-default\">\n\t\t\t\t\t<div class=\"elementor-column elementor-col-100 elementor-top-column elementor-element elementor-element-d2656aa\" data-id=\"d2656aa\" data-element_type=\"column\" data-settings=\"{&quot;background_background&quot;:&quot;classic&quot;}\">\n\t\t\t<div class=\"elementor-widget-wrap elementor-element-populated\">\n\t\t\t\t\t\t<div class=\"elementor-element elementor-element-776590e elementor-widget elementor-widget-text-editor\" data-id=\"776590e\" data-element_type=\"widget\" data-widget_type=\"text-editor.default\">\n\t\t\t\t\t\t\t\t\t<h2>faisons connaissance !<\/h2>\t\t\t\t\t\t\t\t<\/div>\n\t\t\t\t<div class=\"elementor-element elementor-element-fc65a1d elementor-widget__width-auto elementor-widget elementor-widget-text-editor\" data-id=\"fc65a1d\" data-element_type=\"widget\" data-widget_type=\"text-editor.default\">\n\t\t\t\t\t\t\t\t\t<p class=\"qodef-custom-paragraph-style\" style=\"margin: 0px 0 30px;\">Nous sommes bas\u00e9s \u00e0 Bidart sur la c\u00f4t\u00e9 basque \u00e0 quelques pas de l&rsquo;oc\u00e9an.<\/p>\t\t\t\t\t\t\t\t<\/div>\n\t\t\t\t<div class=\"elementor-element elementor-element-7b5dd14 elementor-widget elementor-widget-text-editor\" data-id=\"7b5dd14\" data-element_type=\"widget\" data-widget_type=\"text-editor.default\">\n\t\t\t\t\t\t\t\t\t<p><a href=\"https:\/\/french-albion.com\/fr\/mentions-legales\/\" target=\"_blank\" rel=\"noopener\">Legal notice<\/a> &#8211; <a href=\"https:\/\/french-albion.com\/privacy-policy\/\" target=\"_blank\" rel=\"noopener\">Privacy policy<\/a><br \/>Webdesign : <a href=\"https:\/\/elodie-palau.com\" target=\"_blank\" rel=\"nofollow noopener\">Elodie Palau<\/a><\/p>\t\t\t\t\t\t\t\t<\/div>\n\t\t\t\t<div class=\"elementor-element elementor-element-035b21c elementor-widget elementor-widget-html\" data-id=\"035b21c\" data-element_type=\"widget\" data-widget_type=\"html.default\">\n\t\t\t\t\t<iframe src=\"https:\/\/snazzymaps.com\/embed\/110836\" width=\"100%\" height=\"450px\" style=\"border:none;\"><\/iframe>\t\t\t\t<\/div>\n\t\t\t\t<div class=\"elementor-element elementor-element-9e72cd2 elementor-widget elementor-widget-text-editor\" data-id=\"9e72cd2\" data-element_type=\"widget\" data-widget_type=\"text-editor.default\">\n\t\t\t\t\t\t\t\t\t<p><a href=\"https:\/\/french-albion.com\/fr\/mentions-legales\/\" target=\"_blank\" rel=\"noopener\">Mentions l\u00e9gales<\/a> &#8211; <a href=\"https:\/\/french-albion.com\/fr\/politique-de-confidentialite\/\" target=\"_blank\" rel=\"noopener\">Politique de confidentialit\u00e9<\/a><br \/>Webdesign : <a href=\"https:\/\/elodie-palau.com\" target=\"_blank\" rel=\"nofollow noopener\">Elodie Palau<\/a><\/p>\t\t\t\t\t\t\t\t<\/div>\n\t\t\t\t\t<\/div>\n\t\t<\/div>\n\t\t\t\t\t<\/div>\n\t\t<\/section>\n\t\t\t\t<\/div>\n\t\t","protected":false},"excerpt":{"rendered":"<p>Notre relation est primordiale BUREAUX \/ SHOWROOM French Albion5 avenue de Cumba64210 Bidart &#8211; France nous suivre InstagramLinkedin Envoyer faisons connaissance ! Nous sommes bas\u00e9s \u00e0 Bidart sur la c\u00f4t\u00e9 basque \u00e0 quelques pas de l&rsquo;oc\u00e9an. Legal notice &#8211; Privacy policyWebdesign : Elodie Palau Mentions l\u00e9gales &#8211; Politique de confidentialit\u00e9Webdesign : Elodie Palau<\/p>\n","protected":false},"author":1,"featured_media":0,"parent":0,"menu_order":0,"comment_status":"closed","ping_status":"closed","template":"page-full-width.php","meta":{"footnotes":""},"class_list":["post-8486","page","type-page","status-publish","hentry"],"aioseo_notices":[],"_links":{"self":[{"href":"https:\/\/french-albion.com\/fr\/wp-json\/wp\/v2\/pages\/8486","targetHints":{"allow":["GET"]}}],"collection":[{"href":"https:\/\/french-albion.com\/fr\/wp-json\/wp\/v2\/pages"}],"about":[{"href":"https:\/\/french-albion.com\/fr\/wp-json\/wp\/v2\/types\/page"}],"author":[{"embeddable":true,"href":"https:\/\/french-albion.com\/fr\/wp-json\/wp\/v2\/users\/1"}],"replies":[{"embeddable":true,"href":"https:\/\/french-albion.com\/fr\/wp-json\/wp\/v2\/comments?post=8486"}],"version-history":[{"count":9,"href":"https:\/\/french-albion.com\/fr\/wp-json\/wp\/v2\/pages\/8486\/revisions"}],"predecessor-version":[{"id":11993,"href":"https:\/\/french-albion.com\/fr\/wp-json\/wp\/v2\/pages\/8486\/revisions\/11993"}],"wp:attachment":[{"href":"https:\/\/french-albion.com\/fr\/wp-json\/wp\/v2\/media?parent=8486"}],"curies":[{"name":"wp","href":"https:\/\/api.w.org\/{rel}","templated":true}]}}