{"id":8524,"date":"2022-06-23T17:17:26","date_gmt":"2022-06-23T15:17:26","guid":{"rendered":"https:\/\/french-albion.com\/services\/"},"modified":"2026-01-09T14:55:00","modified_gmt":"2026-01-09T13:55:00","slug":"services","status":"publish","type":"page","link":"https:\/\/french-albion.com\/fr\/services\/","title":{"rendered":"Nos services"},"content":{"rendered":"\t\t<div data-elementor-type=\"wp-page\" data-elementor-id=\"8524\" class=\"elementor elementor-8524\">\n\t\t\t\t\t\t<section class=\"elementor-section elementor-top-section elementor-element elementor-element-70d8195 elementor-section-full_width elementor-section-height-default elementor-section-height-default qodef-elementor-content-no\" data-id=\"70d8195\" data-element_type=\"section\">\n\t\t\t\t\t\t<div class=\"elementor-container elementor-column-gap-default\">\n\t\t\t\t\t<div class=\"elementor-column elementor-col-100 elementor-top-column elementor-element elementor-element-d2656aa\" data-id=\"d2656aa\" data-element_type=\"column\">\n\t\t\t<div class=\"elementor-widget-wrap elementor-element-populated\">\n\t\t\t\t\t\t<div class=\"elementor-element elementor-element-cb58ecb elementor-widget elementor-widget-text-editor\" data-id=\"cb58ecb\" data-element_type=\"widget\" data-widget_type=\"text-editor.default\">\n\t\t\t\t\t\t\t\t\t<h1>Nos services<\/h1>\t\t\t\t\t\t\t\t<\/div>\n\t\t\t\t\t<\/div>\n\t\t<\/div>\n\t\t\t\t\t<\/div>\n\t\t<\/section>\n\t\t\t\t<section class=\"elementor-section elementor-top-section elementor-element elementor-element-875af21 elementor-section-full_width elementor-section-height-default elementor-section-height-default qodef-elementor-content-no\" data-id=\"875af21\" data-element_type=\"section\">\n\t\t\t\t\t\t<div class=\"elementor-container elementor-column-gap-default\">\n\t\t\t\t\t<div class=\"elementor-column elementor-col-100 elementor-top-column elementor-element elementor-element-7610820\" data-id=\"7610820\" data-element_type=\"column\">\n\t\t\t<div class=\"elementor-widget-wrap elementor-element-populated\">\n\t\t\t\t\t\t<section class=\"elementor-section elementor-inner-section elementor-element elementor-element-ee30203 elementor-section-full_width elementor-section-height-default elementor-section-height-default qodef-elementor-content-no\" data-id=\"ee30203\" data-element_type=\"section\">\n\t\t\t\t\t\t<div class=\"elementor-container elementor-column-gap-no\">\n\t\t\t\t\t<div class=\"elementor-column elementor-col-50 elementor-inner-column elementor-element elementor-element-ba7d784\" data-id=\"ba7d784\" data-element_type=\"column\">\n\t\t\t<div class=\"elementor-widget-wrap elementor-element-populated\">\n\t\t\t\t\t\t<div class=\"elementor-element elementor-element-c1fc3f2 elementor-widget__width-initial elementor-widget-tablet__width-inherit elementor-widget elementor-widget-text-editor\" data-id=\"c1fc3f2\" data-element_type=\"widget\" data-widget_type=\"text-editor.default\">\n\t\t\t\t\t\t\t\t\t<h2>Une extension de votre entreprise en Europe<\/h2>\t\t\t\t\t\t\t\t<\/div>\n\t\t\t\t<div class=\"elementor-element elementor-element-a09cc1b elementor-widget__width-initial elementor-widget-tablet__width-inherit elementor-widget elementor-widget-text-editor\" data-id=\"a09cc1b\" data-element_type=\"widget\" data-widget_type=\"text-editor.default\">\n\t\t\t\t\t\t\t\t\t<p>Parce que l\u2019Europe est un march\u00e9 complexe et que les mod\u00e8les classiques de distribution sont remis en question, nous avons cr\u00e9\u00e9 un nouveau \u201cbusiness model\u201d qui peut rendre votre marque plus comp\u00e9titive et acc\u00e9l\u00e9rer votre croissance.<br \/>Les services de French Albion comprennent la gestion de la force de vente et des comptes cl\u00e9s, le marketing, le e-commerce ainsi que des solutions de back-office externalis\u00e9es. Nous travaillons main dans la main avec nos partenaires pour introduire leur marque sur le march\u00e9 europ\u00e9en (y compris le Royaume-Uni, la Norv\u00e8ge et la Suisse).<\/p>\t\t\t\t\t\t\t\t<\/div>\n\t\t\t\t\t<\/div>\n\t\t<\/div>\n\t\t\t\t<div class=\"elementor-column elementor-col-50 elementor-inner-column elementor-element elementor-element-e3a1e10\" data-id=\"e3a1e10\" data-element_type=\"column\">\n\t\t\t<div class=\"elementor-widget-wrap elementor-element-populated\">\n\t\t\t\t\t\t<div class=\"elementor-element elementor-element-776b2c6 elementor-widget elementor-widget-image\" data-id=\"776b2c6\" data-element_type=\"widget\" data-widget_type=\"image.default\">\n\t\t\t\t\t\t\t\t\t\t\t\t\t\t\t<img fetchpriority=\"high\" decoding=\"async\" width=\"1024\" height=\"683\" src=\"https:\/\/french-albion.com\/wp-content\/uploads\/2023\/01\/services1-1024x683.webp\" class=\"attachment-large size-large wp-image-10057\" alt=\"\" srcset=\"https:\/\/french-albion.com\/wp-content\/uploads\/2023\/01\/services1-1024x683.webp 1024w, https:\/\/french-albion.com\/wp-content\/uploads\/2023\/01\/services1-300x200.webp 300w, https:\/\/french-albion.com\/wp-content\/uploads\/2023\/01\/services1-768x512.webp 768w, https:\/\/french-albion.com\/wp-content\/uploads\/2023\/01\/services1-jpg.webp 1200w\" sizes=\"(max-width: 1024px) 100vw, 1024px\" \/>\t\t\t\t\t\t\t\t\t\t\t\t\t\t\t<\/div>\n\t\t\t\t\t<\/div>\n\t\t<\/div>\n\t\t\t\t\t<\/div>\n\t\t<\/section>\n\t\t\t\t\t<\/div>\n\t\t<\/div>\n\t\t\t\t\t<\/div>\n\t\t<\/section>\n\t\t\t\t<section class=\"elementor-section elementor-top-section elementor-element elementor-element-0ba5118 elementor-section-full_width elementor-section-height-default elementor-section-height-default qodef-elementor-content-no\" data-id=\"0ba5118\" data-element_type=\"section\">\n\t\t\t\t\t\t<div class=\"elementor-container elementor-column-gap-default\">\n\t\t\t\t\t<div class=\"elementor-column elementor-col-50 elementor-top-column elementor-element elementor-element-ca0d705\" data-id=\"ca0d705\" data-element_type=\"column\">\n\t\t\t<div class=\"elementor-widget-wrap elementor-element-populated\">\n\t\t\t\t\t\t<div class=\"elementor-element elementor-element-00a4fe7 elementor-widget__width-initial elementor-widget-tablet__width-inherit elementor-widget elementor-widget-henrik_core_section_title\" data-id=\"00a4fe7\" data-element_type=\"widget\" data-widget_type=\"henrik_core_section_title.default\">\n\t\t\t\t<div class=\"elementor-widget-container\">\n\t\t\t\t\t<div class=\"qodef-shortcode qodef-m  qodef-section-title qodef-alignment--left \">\n\t\t\t<h3 class=\"qodef-m-title\" >\n\t\t\t\t\tWe are not just another agency.\t\t\t<\/h3>\n\t\t<p class=\"qodef-m-text\" >Gr\u00e2ce \u00e0 une \u00e9quipe interne multilingue d\u00e9di\u00e9e \u00e0 chaque marque et forte de nombreuses ann\u00e9es d&#039;exp\u00e9rience dans la vente, le marketing, la gestion des grands comptes, le e-commerce et le service client, nous sommes en mesure de mieux r\u00e9pondre aux besoins de nos partenaires.\n\nChez French Albion nous souhaitons offrir le m\u00eame niveau d&#039;ex\u00e9cution que si nous \u00e9tions une filiale partenaire.<\/p>\n<\/div>\n\t\t\t\t<\/div>\n\t\t\t\t<\/div>\n\t\t\t\t\t<\/div>\n\t\t<\/div>\n\t\t\t\t<div class=\"elementor-column elementor-col-50 elementor-top-column elementor-element elementor-element-8111f48\" data-id=\"8111f48\" data-element_type=\"column\">\n\t\t\t<div class=\"elementor-widget-wrap elementor-element-populated\">\n\t\t\t\t\t\t<div class=\"elementor-element elementor-element-15def8f elementor-widget elementor-widget-henrik_core_icon_with_text\" data-id=\"15def8f\" data-element_type=\"widget\" data-widget_type=\"henrik_core_icon_with_text.default\">\n\t\t\t\t<div class=\"elementor-widget-container\">\n\t\t\t\t\t<div class=\"qodef-shortcode qodef-m  qodef-icon-with-text qodef-layout--before-content qodef--icon-pack\">\n\t<div class=\"qodef-m-icon-wrapper\">\n\t\t<span class=\"qodef-shortcode qodef-m  qodef-icon-holder qodef-size--default qodef-layout--normal\"  >\t\t\t\t<\/span>\t<\/div>\n\t<div class=\"qodef-m-content\">\n\t\t\t<h4 class=\"qodef-m-title\" >\n\t\t\t\t\t<span class=\"qodef-m-title-text\">Management commercial<\/span>\n\t\t\t<\/h4>\n\t\t\t<p class=\"qodef-m-text\" >Mise en place de strat\u00e9gies de distribution, de politiques tarifaires,  recrutement et gestion de la force de vente, des distributeurs et d\u00e9veloppement commercial des grands comptes<\/p>\n\t<\/div>\n<\/div>\n\t\t\t\t<\/div>\n\t\t\t\t<\/div>\n\t\t\t\t<div class=\"elementor-element elementor-element-b9311a5 elementor-widget elementor-widget-henrik_core_icon_with_text\" data-id=\"b9311a5\" data-element_type=\"widget\" data-widget_type=\"henrik_core_icon_with_text.default\">\n\t\t\t\t<div class=\"elementor-widget-container\">\n\t\t\t\t\t<div class=\"qodef-shortcode qodef-m  qodef-icon-with-text qodef-layout--before-content qodef--icon-pack\">\n\t<div class=\"qodef-m-icon-wrapper\">\n\t\t<span class=\"qodef-shortcode qodef-m  qodef-icon-holder qodef-size--default qodef-layout--normal\"  >\t\t\t\t<\/span>\t<\/div>\n\t<div class=\"qodef-m-content\">\n\t\t\t<h4 class=\"qodef-m-title\" >\n\t\t\t\t\t<span class=\"qodef-m-title-text\">E-commerce<\/span>\n\t\t\t<\/h4>\n\t\t\t<p class=\"qodef-m-text\" >Mise en place et gestion quotidienne des activit\u00e9s de e-commerce<\/p>\n\t<\/div>\n<\/div>\n\t\t\t\t<\/div>\n\t\t\t\t<\/div>\n\t\t\t\t<div class=\"elementor-element elementor-element-2b7db23 elementor-widget elementor-widget-henrik_core_icon_with_text\" data-id=\"2b7db23\" data-element_type=\"widget\" data-widget_type=\"henrik_core_icon_with_text.default\">\n\t\t\t\t<div class=\"elementor-widget-container\">\n\t\t\t\t\t<div class=\"qodef-shortcode qodef-m  qodef-icon-with-text qodef-layout--before-content qodef--icon-pack\">\n\t<div class=\"qodef-m-icon-wrapper\">\n\t\t<span class=\"qodef-shortcode qodef-m  qodef-icon-holder qodef-size--default qodef-layout--normal\"  >\t\t\t\t<\/span>\t<\/div>\n\t<div class=\"qodef-m-content\">\n\t\t\t<h4 class=\"qodef-m-title\" >\n\t\t\t\t\t<span class=\"qodef-m-title-text\">Services<\/span>\n\t\t\t<\/h4>\n\t\t\t<p class=\"qodef-m-text\" >Service client, rapports d&#039;activit\u00e9, liaison compl\u00e8te entre les marques, le back office et la force de vente, aide au recouvrement<\/p>\n\t<\/div>\n<\/div>\n\t\t\t\t<\/div>\n\t\t\t\t<\/div>\n\t\t\t\t<div class=\"elementor-element elementor-element-c32e96d elementor-widget elementor-widget-henrik_core_icon_with_text\" data-id=\"c32e96d\" data-element_type=\"widget\" data-widget_type=\"henrik_core_icon_with_text.default\">\n\t\t\t\t<div class=\"elementor-widget-container\">\n\t\t\t\t\t<div class=\"qodef-shortcode qodef-m  qodef-icon-with-text qodef-layout--before-content qodef--icon-pack\">\n\t<div class=\"qodef-m-icon-wrapper\">\n\t\t<span class=\"qodef-shortcode qodef-m  qodef-icon-holder qodef-size--default qodef-layout--normal\"  >\t\t\t\t<\/span>\t<\/div>\n\t<div class=\"qodef-m-content\">\n\t\t\t<h4 class=\"qodef-m-title\" >\n\t\t\t\t\t<span class=\"qodef-m-title-text\">Marketing<\/span>\n\t\t\t<\/h4>\n\t\t\t<p class=\"qodef-m-text\" >M\u00e9dias (sociaux et num\u00e9riques, presse), \u00e9v\u00e9nements, ambassadeurs, retail marketing, salons, SEO et SEM<\/p>\n\t<\/div>\n<\/div>\n\t\t\t\t<\/div>\n\t\t\t\t<\/div>\n\t\t\t\t\t<\/div>\n\t\t<\/div>\n\t\t\t\t\t<\/div>\n\t\t<\/section>\n\t\t\t\t<section class=\"elementor-section elementor-top-section elementor-element elementor-element-09fe7b8 elementor-section-full_width elementor-section-height-default elementor-section-height-default qodef-elementor-content-no\" data-id=\"09fe7b8\" data-element_type=\"section\">\n\t\t\t\t\t\t<div class=\"elementor-container elementor-column-gap-default\">\n\t\t\t\t\t<div class=\"elementor-column elementor-col-50 elementor-top-column elementor-element elementor-element-a568daf\" data-id=\"a568daf\" data-element_type=\"column\" data-settings=\"{&quot;background_background&quot;:&quot;classic&quot;}\">\n\t\t\t<div class=\"elementor-widget-wrap elementor-element-populated\">\n\t\t\t\t\t\t<div class=\"elementor-element elementor-element-8e92843 elementor-widget elementor-widget-spacer\" data-id=\"8e92843\" data-element_type=\"widget\" data-widget_type=\"spacer.default\">\n\t\t\t\t\t\t\t<div class=\"elementor-spacer\">\n\t\t\t<div class=\"elementor-spacer-inner\"><\/div>\n\t\t<\/div>\n\t\t\t\t\t\t<\/div>\n\t\t\t\t\t<\/div>\n\t\t<\/div>\n\t\t\t\t<div class=\"elementor-column elementor-col-50 elementor-top-column elementor-element elementor-element-b7f6663\" data-id=\"b7f6663\" data-element_type=\"column\" data-settings=\"{&quot;background_background&quot;:&quot;classic&quot;}\">\n\t\t\t<div class=\"elementor-widget-wrap elementor-element-populated\">\n\t\t\t\t\t\t<div class=\"elementor-element elementor-element-546c3e8 elementor-widget elementor-widget-spacer\" data-id=\"546c3e8\" data-element_type=\"widget\" data-widget_type=\"spacer.default\">\n\t\t\t\t\t\t\t<div class=\"elementor-spacer\">\n\t\t\t<div class=\"elementor-spacer-inner\"><\/div>\n\t\t<\/div>\n\t\t\t\t\t\t<\/div>\n\t\t\t\t\t<\/div>\n\t\t<\/div>\n\t\t\t\t\t<\/div>\n\t\t<\/section>\n\t\t<div class=\"elementor-element elementor-element-023ec0b e-flex e-con-boxed e-con e-parent\" data-id=\"023ec0b\" data-element_type=\"container\">\n\t\t\t\t\t<div class=\"e-con-inner\">\n\t\t\t\t<div class=\"elementor-element elementor-element-a052026 elementor-widget__width-auto elementor-widget-mobile__width-auto elementor-widget elementor-widget-henrik_core_button\" data-id=\"a052026\" data-element_type=\"widget\" data-widget_type=\"henrik_core_button.default\">\n\t\t\t\t<div class=\"elementor-widget-container\">\n\t\t\t\t\t<a class=\"qodef-shortcode qodef-m  qodef-button qodef-layout--textual   qodef-html--link\" href=\"https:\/\/french-albion.com\/fr\/marques\/\" target=\"_self\"  style=\"font-size: 40px;font-weight: 500\">\n\t<span class=\"qodef-m-text\">NOS MARQUES<\/span>\n<\/a>\n\t\t\t\t<\/div>\n\t\t\t\t<\/div>\n\t\t\t\t<div class=\"elementor-element elementor-element-3fb0a6f elementor-widget__width-auto elementor-widget elementor-widget-henrik_core_button\" data-id=\"3fb0a6f\" data-element_type=\"widget\" data-widget_type=\"henrik_core_button.default\">\n\t\t\t\t<div class=\"elementor-widget-container\">\n\t\t\t\t\t<a class=\"qodef-shortcode qodef-m  qodef-button qodef-layout--textual   qodef-html--link\" href=\"https:\/\/french-albion.com\/fr\/services\" target=\"_self\"  style=\"font-size: 40px;font-weight: 500\">\n\t<span class=\"qodef-m-text\">NOS SERVICES<\/span>\n<\/a>\n\t\t\t\t<\/div>\n\t\t\t\t<\/div>\n\t\t\t\t<div class=\"elementor-element elementor-element-dc7cb70 elementor-widget__width-auto elementor-widget elementor-widget-henrik_core_button\" data-id=\"dc7cb70\" data-element_type=\"widget\" data-widget_type=\"henrik_core_button.default\">\n\t\t\t\t<div class=\"elementor-widget-container\">\n\t\t\t\t\t<a class=\"qodef-shortcode qodef-m  qodef-button qodef-layout--textual   qodef-html--link\" href=\"https:\/\/french-albion.com\/fr\/boutique\/\" target=\"_self\"  style=\"font-size: 40px;font-weight: 500\">\n\t<span class=\"qodef-m-text\">BOUTIQUE<\/span>\n<\/a>\n\t\t\t\t<\/div>\n\t\t\t\t<\/div>\n\t\t\t\t<div class=\"elementor-element elementor-element-911df29 elementor-widget__width-auto elementor-widget elementor-widget-henrik_core_button\" data-id=\"911df29\" data-element_type=\"widget\" data-widget_type=\"henrik_core_button.default\">\n\t\t\t\t<div class=\"elementor-widget-container\">\n\t\t\t\t\t<a class=\"qodef-shortcode qodef-m  qodef-button qodef-layout--textual   qodef-html--link\" href=\"https:\/\/french-albion.com\/fr\/contact\/\" target=\"_self\"  style=\"font-size: 40px;font-weight: 500\">\n\t<span class=\"qodef-m-text\">CONTACT<\/span>\n<\/a>\n\t\t\t\t<\/div>\n\t\t\t\t<\/div>\n\t\t\t\t<div class=\"elementor-element elementor-element-fc5eeb7 elementor-widget__width-auto elementor-widget elementor-widget-henrik_core_button\" data-id=\"fc5eeb7\" data-element_type=\"widget\" data-widget_type=\"henrik_core_button.default\">\n\t\t\t\t<div class=\"elementor-widget-container\">\n\t\t\t\t\t<a class=\"qodef-shortcode qodef-m  qodef-button qodef-layout--textual   qodef-html--link\" href=\"https:\/\/www.instagram.com\/french_albion\/\" target=\"_blank\"  style=\"font-size: 40px;font-weight: 500\">\n\t<span class=\"qodef-m-text\">INSTAGRAM<\/span>\n<\/a>\n\t\t\t\t<\/div>\n\t\t\t\t<\/div>\n\t\t\t\t<div class=\"elementor-element elementor-element-d276229 elementor-widget__width-auto elementor-widget elementor-widget-henrik_core_button\" data-id=\"d276229\" data-element_type=\"widget\" data-widget_type=\"henrik_core_button.default\">\n\t\t\t\t<div class=\"elementor-widget-container\">\n\t\t\t\t\t<a class=\"qodef-shortcode qodef-m  qodef-button qodef-layout--textual   qodef-html--link\" href=\"https:\/\/www.linkedin.com\/company\/french-albion\/\" target=\"_blank\"  style=\"font-size: 40px;font-weight: 500\">\n\t<span class=\"qodef-m-text\">LINKEDIN<\/span>\n<\/a>\n\t\t\t\t<\/div>\n\t\t\t\t<\/div>\n\t\t\t\t\t<\/div>\n\t\t\t\t<\/div>\n\t\t\t\t<\/div>\n\t\t","protected":false},"excerpt":{"rendered":"<p>Nos services Une extension de votre entreprise en Europe Parce que l\u2019Europe est un march\u00e9 complexe et que les mod\u00e8les classiques de distribution sont remis en question, nous avons cr\u00e9\u00e9 un nouveau \u201cbusiness model\u201d qui peut rendre votre marque plus comp\u00e9titive et acc\u00e9l\u00e9rer votre croissance.Les services de French Albion comprennent la gestion de la force [&hellip;]<\/p>\n","protected":false},"author":1,"featured_media":0,"parent":0,"menu_order":0,"comment_status":"closed","ping_status":"closed","template":"page-full-width.php","meta":{"footnotes":""},"class_list":["post-8524","page","type-page","status-publish","hentry"],"aioseo_notices":[],"_links":{"self":[{"href":"https:\/\/french-albion.com\/fr\/wp-json\/wp\/v2\/pages\/8524","targetHints":{"allow":["GET"]}}],"collection":[{"href":"https:\/\/french-albion.com\/fr\/wp-json\/wp\/v2\/pages"}],"about":[{"href":"https:\/\/french-albion.com\/fr\/wp-json\/wp\/v2\/types\/page"}],"author":[{"embeddable":true,"href":"https:\/\/french-albion.com\/fr\/wp-json\/wp\/v2\/users\/1"}],"replies":[{"embeddable":true,"href":"https:\/\/french-albion.com\/fr\/wp-json\/wp\/v2\/comments?post=8524"}],"version-history":[{"count":3,"href":"https:\/\/french-albion.com\/fr\/wp-json\/wp\/v2\/pages\/8524\/revisions"}],"predecessor-version":[{"id":12027,"href":"https:\/\/french-albion.com\/fr\/wp-json\/wp\/v2\/pages\/8524\/revisions\/12027"}],"wp:attachment":[{"href":"https:\/\/french-albion.com\/fr\/wp-json\/wp\/v2\/media?parent=8524"}],"curies":[{"name":"wp","href":"https:\/\/api.w.org\/{rel}","templated":true}]}}