{"id":8534,"date":"2022-06-24T12:43:30","date_gmt":"2022-06-24T10:43:30","guid":{"rendered":"https:\/\/french-albion.com\/?page_id=8534"},"modified":"2023-05-23T15:05:54","modified_gmt":"2023-05-23T13:05:54","slug":"business-pleasure","status":"publish","type":"page","link":"https:\/\/french-albion.com\/fr\/marques\/business-pleasure\/","title":{"rendered":"Business &#038; Pleasure"},"content":{"rendered":"\t\t<div data-elementor-type=\"wp-page\" data-elementor-id=\"8534\" class=\"elementor elementor-8534\">\n\t\t\t\t\t\t<section class=\"elementor-section elementor-top-section elementor-element elementor-element-a7243a8 elementor-section-full_width elementor-section-height-default elementor-section-height-default qodef-elementor-content-no\" data-id=\"a7243a8\" data-element_type=\"section\">\n\t\t\t\t\t\t<div class=\"elementor-container elementor-column-gap-default\">\n\t\t\t\t\t<div class=\"elementor-column elementor-col-100 elementor-top-column elementor-element elementor-element-1549f7f\" data-id=\"1549f7f\" data-element_type=\"column\">\n\t\t\t<div class=\"elementor-widget-wrap elementor-element-populated\">\n\t\t\t\t\t\t<div class=\"elementor-element elementor-element-f612a48 elementor-widget elementor-widget-text-editor\" data-id=\"f612a48\" data-element_type=\"widget\" data-widget_type=\"text-editor.default\">\n\t\t\t\t\t\t\t\t\t<h1>business &amp; pleasure<\/h1>\t\t\t\t\t\t\t\t<\/div>\n\t\t\t\t\t<\/div>\n\t\t<\/div>\n\t\t\t\t\t<\/div>\n\t\t<\/section>\n\t\t\t\t<section class=\"elementor-section elementor-top-section elementor-element elementor-element-b662ca2 elementor-section-full_width elementor-section-height-default elementor-section-height-default qodef-elementor-content-no\" data-id=\"b662ca2\" data-element_type=\"section\">\n\t\t\t\t\t\t<div class=\"elementor-container elementor-column-gap-default\">\n\t\t\t\t\t<div class=\"elementor-column elementor-col-33 elementor-top-column elementor-element elementor-element-c5c6592\" data-id=\"c5c6592\" data-element_type=\"column\">\n\t\t\t<div class=\"elementor-widget-wrap elementor-element-populated\">\n\t\t\t\t\t\t<div class=\"elementor-element elementor-element-3e654ef elementor-widget__width-initial elementor-widget elementor-widget-image\" data-id=\"3e654ef\" data-element_type=\"widget\" data-widget_type=\"image.default\">\n\t\t\t\t\t\t\t\t\t\t\t\t\t\t\t<img fetchpriority=\"high\" decoding=\"async\" width=\"672\" height=\"79\" src=\"https:\/\/french-albion.com\/wp-content\/uploads\/2022\/11\/CORP-SIGNATURE-jpg.webp\" class=\"attachment-full size-full wp-image-9517\" alt=\"\" \/>\t\t\t\t\t\t\t\t\t\t\t\t\t\t\t<\/div>\n\t\t\t\t<div class=\"elementor-element elementor-element-3845320 elementor-widget__width-initial elementor-widget elementor-widget-text-editor\" data-id=\"3845320\" data-element_type=\"widget\" data-widget_type=\"text-editor.default\">\n\t\t\t\t\t\t\t\t\tBusiness and Pleasure cr\u00e9e des pi\u00e8ces retro, chics, durables et intemporelles. La marque est devenue un incontournable de l&rsquo;\u00e9t\u00e9 dans de nombreux pays et plages du monde entier.\n\t\t\t\t\t\t\t\t<\/div>\n\t\t\t\t\t<\/div>\n\t\t<\/div>\n\t\t\t\t<div class=\"elementor-column elementor-col-33 elementor-top-column elementor-element elementor-element-a5bb9f0\" data-id=\"a5bb9f0\" data-element_type=\"column\">\n\t\t\t<div class=\"elementor-widget-wrap elementor-element-populated\">\n\t\t\t\t\t\t<div class=\"elementor-element elementor-element-4261620 elementor-widget elementor-widget-henrik_core_icon_with_text\" data-id=\"4261620\" data-element_type=\"widget\" data-widget_type=\"henrik_core_icon_with_text.default\">\n\t\t\t\t<div class=\"elementor-widget-container\">\n\t\t\t\t\t<div class=\"qodef-shortcode qodef-m  qodef-icon-with-text qodef-layout--before-content qodef--icon-pack\">\n\t<div class=\"qodef-m-icon-wrapper\">\n\t\t<span class=\"qodef-shortcode qodef-m  qodef-icon-holder qodef-size--default qodef-layout--normal\"  >\t\t\t\t<\/span>\t<\/div>\n\t<div class=\"qodef-m-content\">\n\t\t\t<h4 class=\"qodef-m-title\" >\n\t\t\t\t\t<span class=\"qodef-m-title-text\">Info<\/span>\n\t\t\t<\/h4>\n\t\t\t<\/div>\n<\/div>\n\t\t\t\t<\/div>\n\t\t\t\t<\/div>\n\t\t\t\t<div class=\"elementor-element elementor-element-936df4a elementor-widget elementor-widget-text-editor\" data-id=\"936df4a\" data-element_type=\"widget\" data-widget_type=\"text-editor.default\">\n\t\t\t\t\t\t\t\t\t<div class=\"page\" title=\"Page 1\"><div class=\"layoutArea\"><div class=\"column\"><p>DoB: 2016 <br \/>Australie, Californie<\/p><\/div><\/div><\/div>\t\t\t\t\t\t\t\t<\/div>\n\t\t\t\t<div class=\"elementor-element elementor-element-6966551 elementor-widget elementor-widget-henrik_core_icon_with_text\" data-id=\"6966551\" data-element_type=\"widget\" data-widget_type=\"henrik_core_icon_with_text.default\">\n\t\t\t\t<div class=\"elementor-widget-container\">\n\t\t\t\t\t<div class=\"qodef-shortcode qodef-m  qodef-icon-with-text qodef-layout--before-content qodef--icon-pack\">\n\t<div class=\"qodef-m-icon-wrapper\">\n\t\t<span class=\"qodef-shortcode qodef-m  qodef-icon-holder qodef-size--default qodef-layout--normal\"  >\t\t\t\t<\/span>\t<\/div>\n\t<div class=\"qodef-m-content\">\n\t\t\t<h4 class=\"qodef-m-title\" >\n\t\t\t\t\t<span class=\"qodef-m-title-text\">Liens<\/span>\n\t\t\t<\/h4>\n\t\t\t<\/div>\n<\/div>\n\t\t\t\t<\/div>\n\t\t\t\t<\/div>\n\t\t\t\t<div class=\"elementor-element elementor-element-35e2bdf elementor-widget elementor-widget-text-editor\" data-id=\"35e2bdf\" data-element_type=\"widget\" data-widget_type=\"text-editor.default\">\n\t\t\t\t\t\t\t\t\t<p><a class=\"qodef-custom-inner-link\" href=\"https:\/\/businessandpleasureco.com\/\" target=\"_blank\" rel=\"noopener\">businessandpleasureco.com<\/a><br \/><a class=\"qodef-custom-inner-link\" href=\"https:\/\/www.instagram.com\/businessandpleasure_co\/\" target=\"_blank\" rel=\"noopener\">Instagram<\/a><\/p>\t\t\t\t\t\t\t\t<\/div>\n\t\t\t\t\t<\/div>\n\t\t<\/div>\n\t\t\t\t<div class=\"elementor-column elementor-col-33 elementor-top-column elementor-element elementor-element-f75c9e6\" data-id=\"f75c9e6\" data-element_type=\"column\">\n\t\t\t<div class=\"elementor-widget-wrap elementor-element-populated\">\n\t\t\t\t\t\t<div class=\"elementor-element elementor-element-2875711 elementor-widget elementor-widget-henrik_core_icon_with_text\" data-id=\"2875711\" data-element_type=\"widget\" data-widget_type=\"henrik_core_icon_with_text.default\">\n\t\t\t\t<div class=\"elementor-widget-container\">\n\t\t\t\t\t<div class=\"qodef-shortcode qodef-m  qodef-icon-with-text qodef-layout--before-content qodef--icon-pack\">\n\t<div class=\"qodef-m-icon-wrapper\">\n\t\t<span class=\"qodef-shortcode qodef-m  qodef-icon-holder qodef-size--default qodef-layout--normal\"  >\t\t\t\t<\/span>\t<\/div>\n\t<div class=\"qodef-m-content\">\n\t\t\t<h4 class=\"qodef-m-title\" >\n\t\t\t\t\t<span class=\"qodef-m-title-text\">Produits<\/span>\n\t\t\t<\/h4>\n\t\t\t<\/div>\n<\/div>\n\t\t\t\t<\/div>\n\t\t\t\t<\/div>\n\t\t\t\t<div class=\"elementor-element elementor-element-931ee62 elementor-widget elementor-widget-spacer\" data-id=\"931ee62\" data-element_type=\"widget\" data-widget_type=\"spacer.default\">\n\t\t\t\t\t\t\t<div class=\"elementor-spacer\">\n\t\t\t<div class=\"elementor-spacer-inner\"><\/div>\n\t\t<\/div>\n\t\t\t\t\t\t<\/div>\n\t\t\t\t<div class=\"elementor-element elementor-element-e2eb53c elementor-widget__width-auto entoure elementor-widget elementor-widget-text-editor\" data-id=\"e2eb53c\" data-element_type=\"widget\" data-widget_type=\"text-editor.default\">\n\t\t\t\t\t\t\t\t\t<p><a href=\"https:\/\/businessandpleasureco.com\/collections\/all-shade\" target=\"_blank\" rel=\"noopener\">parasols<\/a><\/p>\t\t\t\t\t\t\t\t<\/div>\n\t\t\t\t<div class=\"elementor-element elementor-element-ab76fb6 elementor-widget elementor-widget-spacer\" data-id=\"ab76fb6\" data-element_type=\"widget\" data-widget_type=\"spacer.default\">\n\t\t\t\t\t\t\t<div class=\"elementor-spacer\">\n\t\t\t<div class=\"elementor-spacer-inner\"><\/div>\n\t\t<\/div>\n\t\t\t\t\t\t<\/div>\n\t\t\t\t<div class=\"elementor-element elementor-element-bb9422b elementor-widget__width-auto entoure elementor-widget elementor-widget-text-editor\" data-id=\"bb9422b\" data-element_type=\"widget\" data-widget_type=\"text-editor.default\">\n\t\t\t\t\t\t\t\t\t<p><a href=\"https:\/\/businessandpleasureco.com\/collections\/chairs-outdoor\" target=\"_blank\" rel=\"noopener\">Chaises<\/a><\/p>\t\t\t\t\t\t\t\t<\/div>\n\t\t\t\t<div class=\"elementor-element elementor-element-198290a elementor-widget elementor-widget-spacer\" data-id=\"198290a\" data-element_type=\"widget\" data-widget_type=\"spacer.default\">\n\t\t\t\t\t\t\t<div class=\"elementor-spacer\">\n\t\t\t<div class=\"elementor-spacer-inner\"><\/div>\n\t\t<\/div>\n\t\t\t\t\t\t<\/div>\n\t\t\t\t<div class=\"elementor-element elementor-element-fd22c78 elementor-widget__width-auto entoure elementor-widget elementor-widget-text-editor\" data-id=\"fd22c78\" data-element_type=\"widget\" data-widget_type=\"text-editor.default\">\n\t\t\t\t\t\t\t\t\t<p><a href=\"https:\/\/businessandpleasureco.com\/collections\/all-cooler-bags\" target=\"_blank\" rel=\"noopener\">glacieres<\/a><\/p>\t\t\t\t\t\t\t\t<\/div>\n\t\t\t\t<div class=\"elementor-element elementor-element-51bf89c elementor-widget elementor-widget-spacer\" data-id=\"51bf89c\" data-element_type=\"widget\" data-widget_type=\"spacer.default\">\n\t\t\t\t\t\t\t<div class=\"elementor-spacer\">\n\t\t\t<div class=\"elementor-spacer-inner\"><\/div>\n\t\t<\/div>\n\t\t\t\t\t\t<\/div>\n\t\t\t\t<div class=\"elementor-element elementor-element-dd6d551 elementor-widget__width-auto entoure elementor-widget elementor-widget-text-editor\" data-id=\"dd6d551\" data-element_type=\"widget\" data-widget_type=\"text-editor.default\">\n\t\t\t\t\t\t\t\t\t<p><a href=\"https:\/\/businessandpleasureco.com\/collections\/towels\" target=\"_blank\" rel=\"noopener\">serviettes<\/a><\/p>\t\t\t\t\t\t\t\t<\/div>\n\t\t\t\t<div class=\"elementor-element elementor-element-78c1c5b elementor-widget elementor-widget-spacer\" data-id=\"78c1c5b\" data-element_type=\"widget\" data-widget_type=\"spacer.default\">\n\t\t\t\t\t\t\t<div class=\"elementor-spacer\">\n\t\t\t<div class=\"elementor-spacer-inner\"><\/div>\n\t\t<\/div>\n\t\t\t\t\t\t<\/div>\n\t\t\t\t<div class=\"elementor-element elementor-element-5af187b elementor-widget__width-auto entoure elementor-widget elementor-widget-text-editor\" data-id=\"5af187b\" data-element_type=\"widget\" data-widget_type=\"text-editor.default\">\n\t\t\t\t\t\t\t\t\t<p><a href=\"https:\/\/businessandpleasureco.com\/collections\/premium-home-essentials\" target=\"_blank\" rel=\"noopener\">home<\/a><\/p>\t\t\t\t\t\t\t\t<\/div>\n\t\t\t\t\t<\/div>\n\t\t<\/div>\n\t\t\t\t\t<\/div>\n\t\t<\/section>\n\t\t\t\t<section class=\"elementor-section elementor-top-section elementor-element elementor-element-d9fbe1c elementor-section-full_width elementor-section-height-default elementor-section-height-default qodef-elementor-content-no\" data-id=\"d9fbe1c\" data-element_type=\"section\">\n\t\t\t\t\t\t<div class=\"elementor-container elementor-column-gap-default\">\n\t\t\t\t\t<div class=\"elementor-column elementor-col-100 elementor-top-column elementor-element elementor-element-49829ef\" data-id=\"49829ef\" data-element_type=\"column\">\n\t\t\t<div class=\"elementor-widget-wrap elementor-element-populated\">\n\t\t\t\t\t\t<div class=\"elementor-element elementor-element-a5bb96e elementor-widget elementor-widget-henrik_core_image_gallery\" data-id=\"a5bb96e\" data-element_type=\"widget\" data-widget_type=\"henrik_core_image_gallery.default\">\n\t\t\t\t<div class=\"elementor-widget-container\">\n\t\t\t\t\t<div class=\"qodef-shortcode qodef-m  qodef-image-gallery  qodef-grid qodef-layout--masonry qodef-layout--masonry  qodef-gutter--large qodef-col-num--2  qodef-responsive--predefined\">\n\t<div class=\"qodef-grid-inner clear\">\n\t\t\t<div class=\"qodef-grid-masonry-sizer\"><\/div>\n\t<div class=\"qodef-grid-masonry-gutter\"><\/div>\n<div class=\"qodef-e qodef-image-wrapper qodef-grid-item qodef-grid-item\">\n\t\t\t<img decoding=\"async\" width=\"1200\" height=\"1600\" src=\"https:\/\/french-albion.com\/wp-content\/uploads\/2022\/11\/French-Albion-Business-Pleasure-RS1-1-Resized-jpeg.webp\" class=\"attachment-full size-full\" alt=\"\" srcset=\"https:\/\/french-albion.com\/wp-content\/uploads\/2022\/11\/French-Albion-Business-Pleasure-RS1-1-Resized-jpeg.webp 1200w, https:\/\/french-albion.com\/wp-content\/uploads\/2022\/11\/French-Albion-Business-Pleasure-RS1-1-Resized-225x300.webp 225w, https:\/\/french-albion.com\/wp-content\/uploads\/2022\/11\/French-Albion-Business-Pleasure-RS1-1-Resized-768x1024.webp 768w, https:\/\/french-albion.com\/wp-content\/uploads\/2022\/11\/French-Albion-Business-Pleasure-RS1-1-Resized-1152x1536.webp 1152w\" sizes=\"(max-width: 1200px) 100vw, 1200px\" \/>\t<\/div>\n<div class=\"qodef-e qodef-image-wrapper qodef-grid-item qodef-grid-item\">\n\t\t\t<img decoding=\"async\" width=\"1200\" height=\"1600\" src=\"https:\/\/french-albion.com\/wp-content\/uploads\/2022\/11\/French-Albion-Business-Pleasure-site-2-1-Resized-jpeg.webp\" class=\"attachment-full size-full\" alt=\"\" srcset=\"https:\/\/french-albion.com\/wp-content\/uploads\/2022\/11\/French-Albion-Business-Pleasure-site-2-1-Resized-jpeg.webp 1200w, https:\/\/french-albion.com\/wp-content\/uploads\/2022\/11\/French-Albion-Business-Pleasure-site-2-1-Resized-225x300.webp 225w, https:\/\/french-albion.com\/wp-content\/uploads\/2022\/11\/French-Albion-Business-Pleasure-site-2-1-Resized-768x1024.webp 768w, https:\/\/french-albion.com\/wp-content\/uploads\/2022\/11\/French-Albion-Business-Pleasure-site-2-1-Resized-1152x1536.webp 1152w\" sizes=\"(max-width: 1200px) 100vw, 1200px\" \/>\t<\/div>\n<div class=\"qodef-e qodef-image-wrapper qodef-grid-item qodef-grid-item\">\n\t\t\t<img loading=\"lazy\" decoding=\"async\" width=\"1200\" height=\"1600\" src=\"https:\/\/french-albion.com\/wp-content\/uploads\/2022\/11\/French-Albion-Business-Pleasure-site-3-1-Resized-jpeg.webp\" class=\"attachment-full size-full\" alt=\"\" srcset=\"https:\/\/french-albion.com\/wp-content\/uploads\/2022\/11\/French-Albion-Business-Pleasure-site-3-1-Resized-jpeg.webp 1200w, https:\/\/french-albion.com\/wp-content\/uploads\/2022\/11\/French-Albion-Business-Pleasure-site-3-1-Resized-225x300.webp 225w, https:\/\/french-albion.com\/wp-content\/uploads\/2022\/11\/French-Albion-Business-Pleasure-site-3-1-Resized-768x1024.webp 768w, https:\/\/french-albion.com\/wp-content\/uploads\/2022\/11\/French-Albion-Business-Pleasure-site-3-1-Resized-1152x1536.webp 1152w\" sizes=\"(max-width: 1200px) 100vw, 1200px\" \/>\t<\/div>\n<div class=\"qodef-e qodef-image-wrapper qodef-grid-item qodef-grid-item\">\n\t\t\t<img loading=\"lazy\" decoding=\"async\" width=\"1200\" height=\"1600\" src=\"https:\/\/french-albion.com\/wp-content\/uploads\/2022\/11\/French-Albion-Businesspleasure-09-1-Resized-jpeg.webp\" class=\"attachment-full size-full\" alt=\"\" srcset=\"https:\/\/french-albion.com\/wp-content\/uploads\/2022\/11\/French-Albion-Businesspleasure-09-1-Resized-jpeg.webp 1200w, https:\/\/french-albion.com\/wp-content\/uploads\/2022\/11\/French-Albion-Businesspleasure-09-1-Resized-225x300.webp 225w, https:\/\/french-albion.com\/wp-content\/uploads\/2022\/11\/French-Albion-Businesspleasure-09-1-Resized-768x1024.webp 768w, https:\/\/french-albion.com\/wp-content\/uploads\/2022\/11\/French-Albion-Businesspleasure-09-1-Resized-1152x1536.webp 1152w\" sizes=\"(max-width: 1200px) 100vw, 1200px\" \/>\t<\/div>\n<div class=\"qodef-e qodef-image-wrapper qodef-grid-item qodef-grid-item\">\n\t\t\t<img loading=\"lazy\" decoding=\"async\" width=\"1200\" height=\"1600\" src=\"https:\/\/french-albion.com\/wp-content\/uploads\/2022\/11\/French-Albion-Businesspleasure-08-Resized-jpeg.webp\" class=\"attachment-full size-full\" alt=\"\" srcset=\"https:\/\/french-albion.com\/wp-content\/uploads\/2022\/11\/French-Albion-Businesspleasure-08-Resized-jpeg.webp 1200w, https:\/\/french-albion.com\/wp-content\/uploads\/2022\/11\/French-Albion-Businesspleasure-08-Resized-225x300.webp 225w, https:\/\/french-albion.com\/wp-content\/uploads\/2022\/11\/French-Albion-Businesspleasure-08-Resized-768x1024.webp 768w, https:\/\/french-albion.com\/wp-content\/uploads\/2022\/11\/French-Albion-Businesspleasure-08-Resized-1152x1536.webp 1152w\" sizes=\"(max-width: 1200px) 100vw, 1200px\" \/>\t<\/div>\n<div class=\"qodef-e qodef-image-wrapper qodef-grid-item qodef-grid-item\">\n\t\t\t<img loading=\"lazy\" decoding=\"async\" width=\"1200\" height=\"1600\" src=\"https:\/\/french-albion.com\/wp-content\/uploads\/2022\/11\/French-Albion-Business-Pleasure-site-4-1-Resized.png\" class=\"attachment-full size-full\" alt=\"\" srcset=\"https:\/\/french-albion.com\/wp-content\/uploads\/2022\/11\/French-Albion-Business-Pleasure-site-4-1-Resized.png 1200w, https:\/\/french-albion.com\/wp-content\/uploads\/2022\/11\/French-Albion-Business-Pleasure-site-4-1-Resized-225x300.png 225w, https:\/\/french-albion.com\/wp-content\/uploads\/2022\/11\/French-Albion-Business-Pleasure-site-4-1-Resized-768x1024.png 768w, https:\/\/french-albion.com\/wp-content\/uploads\/2022\/11\/French-Albion-Business-Pleasure-site-4-1-Resized-1152x1536.png 1152w\" sizes=\"(max-width: 1200px) 100vw, 1200px\" \/>\t<\/div>\n<div class=\"qodef-e qodef-image-wrapper qodef-grid-item qodef-grid-item\">\n\t\t\t<img loading=\"lazy\" decoding=\"async\" width=\"1200\" height=\"844\" src=\"https:\/\/french-albion.com\/wp-content\/uploads\/2022\/11\/French-Albion-Businesspleasure-test-06-1-Resized-jpeg.webp\" class=\"attachment-full size-full\" alt=\"\" srcset=\"https:\/\/french-albion.com\/wp-content\/uploads\/2022\/11\/French-Albion-Businesspleasure-test-06-1-Resized-jpeg.webp 1200w, https:\/\/french-albion.com\/wp-content\/uploads\/2022\/11\/French-Albion-Businesspleasure-test-06-1-Resized-300x211.webp 300w, https:\/\/french-albion.com\/wp-content\/uploads\/2022\/11\/French-Albion-Businesspleasure-test-06-1-Resized-1024x720.webp 1024w, https:\/\/french-albion.com\/wp-content\/uploads\/2022\/11\/French-Albion-Businesspleasure-test-06-1-Resized-768x540.webp 768w\" sizes=\"(max-width: 1200px) 100vw, 1200px\" \/>\t<\/div>\n<div class=\"qodef-e qodef-image-wrapper qodef-grid-item qodef-grid-item\">\n\t\t\t<img loading=\"lazy\" decoding=\"async\" width=\"1200\" height=\"844\" src=\"https:\/\/french-albion.com\/wp-content\/uploads\/2022\/11\/French-Albion-Businesspleasure-12-1-Resized-.png\" class=\"attachment-full size-full\" alt=\"\" srcset=\"https:\/\/french-albion.com\/wp-content\/uploads\/2022\/11\/French-Albion-Businesspleasure-12-1-Resized-.png 1200w, https:\/\/french-albion.com\/wp-content\/uploads\/2022\/11\/French-Albion-Businesspleasure-12-1-Resized--300x211.png 300w, https:\/\/french-albion.com\/wp-content\/uploads\/2022\/11\/French-Albion-Businesspleasure-12-1-Resized--1024x720.png 1024w, https:\/\/french-albion.com\/wp-content\/uploads\/2022\/11\/French-Albion-Businesspleasure-12-1-Resized--768x540.png 768w\" sizes=\"(max-width: 1200px) 100vw, 1200px\" \/>\t<\/div>\n\t<\/div>\n<\/div>\n\t\t\t\t<\/div>\n\t\t\t\t<\/div>\n\t\t\t\t\t<\/div>\n\t\t<\/div>\n\t\t\t\t\t<\/div>\n\t\t<\/section>\n\t\t\t\t<section class=\"elementor-section elementor-top-section elementor-element elementor-element-b0955c0 elementor-section-full_width elementor-section-height-default elementor-section-height-default qodef-elementor-content-no\" data-id=\"b0955c0\" data-element_type=\"section\">\n\t\t\t\t\t\t<div class=\"elementor-container elementor-column-gap-default\">\n\t\t\t\t\t<div class=\"elementor-column elementor-col-100 elementor-top-column elementor-element elementor-element-c278525\" data-id=\"c278525\" data-element_type=\"column\">\n\t\t\t<div class=\"elementor-widget-wrap elementor-element-populated\">\n\t\t\t\t\t\t<div class=\"elementor-element elementor-element-3462268 elementor-widget__width-auto elementor-widget elementor-widget-henrik_core_button\" data-id=\"3462268\" data-element_type=\"widget\" data-widget_type=\"henrik_core_button.default\">\n\t\t\t\t<div class=\"elementor-widget-container\">\n\t\t\t\t\t<a class=\"qodef-shortcode qodef-m  qodef-button qodef-layout--textual   qodef-html--link\" href=\"https:\/\/french-albion.com\/fr\/marques\/\" target=\"_self\"  style=\"font-size: 40px;font-weight: 500\">\n\t<span class=\"qodef-m-text\">&lt; NOS MARQUES<\/span>\n<\/a>\n\t\t\t\t<\/div>\n\t\t\t\t<\/div>\n\t\t\t\t\t<\/div>\n\t\t<\/div>\n\t\t\t\t\t<\/div>\n\t\t<\/section>\n\t\t\t\t<\/div>\n\t\t","protected":false},"excerpt":{"rendered":"<p>business &amp; pleasure Business and Pleasure cr\u00e9e des pi\u00e8ces retro, chics, durables et intemporelles. La marque est devenue un incontournable de l&rsquo;\u00e9t\u00e9 dans de nombreux pays et plages du monde entier. Info DoB: 2016 Australie, Californie Liens businessandpleasureco.comInstagram Produits parasols Chaises glacieres serviettes home &lt; NOS MARQUES<\/p>\n","protected":false},"author":1,"featured_media":0,"parent":8551,"menu_order":0,"comment_status":"closed","ping_status":"closed","template":"page-full-width.php","meta":{"footnotes":""},"class_list":["post-8534","page","type-page","status-publish","hentry"],"aioseo_notices":[],"_links":{"self":[{"href":"https:\/\/french-albion.com\/fr\/wp-json\/wp\/v2\/pages\/8534","targetHints":{"allow":["GET"]}}],"collection":[{"href":"https:\/\/french-albion.com\/fr\/wp-json\/wp\/v2\/pages"}],"about":[{"href":"https:\/\/french-albion.com\/fr\/wp-json\/wp\/v2\/types\/page"}],"author":[{"embeddable":true,"href":"https:\/\/french-albion.com\/fr\/wp-json\/wp\/v2\/users\/1"}],"replies":[{"embeddable":true,"href":"https:\/\/french-albion.com\/fr\/wp-json\/wp\/v2\/comments?post=8534"}],"version-history":[{"count":12,"href":"https:\/\/french-albion.com\/fr\/wp-json\/wp\/v2\/pages\/8534\/revisions"}],"predecessor-version":[{"id":11751,"href":"https:\/\/french-albion.com\/fr\/wp-json\/wp\/v2\/pages\/8534\/revisions\/11751"}],"up":[{"embeddable":true,"href":"https:\/\/french-albion.com\/fr\/wp-json\/wp\/v2\/pages\/8551"}],"wp:attachment":[{"href":"https:\/\/french-albion.com\/fr\/wp-json\/wp\/v2\/media?parent=8534"}],"curies":[{"name":"wp","href":"https:\/\/api.w.org\/{rel}","templated":true}]}}