{"id":8920,"date":"2022-11-07T14:37:03","date_gmt":"2022-11-07T13:37:03","guid":{"rendered":"https:\/\/french-albion.com\/?page_id=8920"},"modified":"2023-03-07T11:37:32","modified_gmt":"2023-03-07T10:37:32","slug":"saxx","status":"publish","type":"page","link":"https:\/\/french-albion.com\/fr\/marques\/saxx\/","title":{"rendered":"Saxx"},"content":{"rendered":"\t\t<div data-elementor-type=\"wp-page\" data-elementor-id=\"8920\" class=\"elementor elementor-8920\">\n\t\t\t\t\t\t<section class=\"elementor-section elementor-top-section elementor-element elementor-element-a7243a8 elementor-section-full_width elementor-section-height-default elementor-section-height-default qodef-elementor-content-no\" data-id=\"a7243a8\" data-element_type=\"section\">\n\t\t\t\t\t\t<div class=\"elementor-container elementor-column-gap-default\">\n\t\t\t\t\t<div class=\"elementor-column elementor-col-100 elementor-top-column elementor-element elementor-element-1549f7f\" data-id=\"1549f7f\" data-element_type=\"column\">\n\t\t\t<div class=\"elementor-widget-wrap elementor-element-populated\">\n\t\t\t\t\t\t<div class=\"elementor-element elementor-element-f612a48 elementor-widget elementor-widget-text-editor\" data-id=\"f612a48\" data-element_type=\"widget\" data-widget_type=\"text-editor.default\">\n\t\t\t\t\t\t\t\t\t<h1>Saxx<\/h1>\t\t\t\t\t\t\t\t<\/div>\n\t\t\t\t\t<\/div>\n\t\t<\/div>\n\t\t\t\t\t<\/div>\n\t\t<\/section>\n\t\t\t\t<section class=\"elementor-section elementor-top-section elementor-element elementor-element-b662ca2 elementor-section-full_width elementor-section-height-default elementor-section-height-default qodef-elementor-content-no\" data-id=\"b662ca2\" data-element_type=\"section\">\n\t\t\t\t\t\t<div class=\"elementor-container elementor-column-gap-default\">\n\t\t\t\t\t<div class=\"elementor-column elementor-col-33 elementor-top-column elementor-element elementor-element-c5c6592\" data-id=\"c5c6592\" data-element_type=\"column\">\n\t\t\t<div class=\"elementor-widget-wrap elementor-element-populated\">\n\t\t\t\t\t\t<div class=\"elementor-element elementor-element-3e654ef elementor-widget elementor-widget-image\" data-id=\"3e654ef\" data-element_type=\"widget\" data-widget_type=\"image.default\">\n\t\t\t\t\t\t\t\t\t\t\t\t\t\t\t<img decoding=\"async\" width=\"150\" height=\"150\" src=\"https:\/\/french-albion.com\/wp-content\/uploads\/2023\/03\/Logo-Saxx-150x150.png\" class=\"attachment-thumbnail size-thumbnail wp-image-11349\" alt=\"\" srcset=\"https:\/\/french-albion.com\/wp-content\/uploads\/2023\/03\/Logo-Saxx-150x150.png 150w, https:\/\/french-albion.com\/wp-content\/uploads\/2023\/03\/Logo-Saxx-300x300.png 300w, https:\/\/french-albion.com\/wp-content\/uploads\/2023\/03\/Logo-Saxx.png 600w\" sizes=\"(max-width: 150px) 100vw, 150px\" \/>\t\t\t\t\t\t\t\t\t\t\t\t\t\t\t<\/div>\n\t\t\t\t<div class=\"elementor-element elementor-element-96bfd77 elementor-widget__width-initial elementor-widget elementor-widget-text-editor\" data-id=\"96bfd77\" data-element_type=\"widget\" data-widget_type=\"text-editor.default\">\n\t\t\t\t\t\t\t\t\t<p class=\"p1\">Saxx, la marque canadienne, r\u00e9volutionne les sous-v\u00eatements masculins en alliant style de vie, confort et performance gr\u00e2ce \u00e0 son concept unique et brevet\u00e9 BallPark Pouch.<\/p><p>\u00a0<\/p>\t\t\t\t\t\t\t\t<\/div>\n\t\t\t\t\t<\/div>\n\t\t<\/div>\n\t\t\t\t<div class=\"elementor-column elementor-col-33 elementor-top-column elementor-element elementor-element-a5bb9f0\" data-id=\"a5bb9f0\" data-element_type=\"column\">\n\t\t\t<div class=\"elementor-widget-wrap elementor-element-populated\">\n\t\t\t\t\t\t<div class=\"elementor-element elementor-element-4261620 elementor-widget elementor-widget-henrik_core_icon_with_text\" data-id=\"4261620\" data-element_type=\"widget\" data-widget_type=\"henrik_core_icon_with_text.default\">\n\t\t\t\t<div class=\"elementor-widget-container\">\n\t\t\t\t\t<div class=\"qodef-shortcode qodef-m  qodef-icon-with-text qodef-layout--before-content qodef--icon-pack\">\n\t<div class=\"qodef-m-icon-wrapper\">\n\t\t<span class=\"qodef-shortcode qodef-m  qodef-icon-holder qodef-size--default qodef-layout--normal\"  >\t\t\t\t<\/span>\t<\/div>\n\t<div class=\"qodef-m-content\">\n\t\t\t<h4 class=\"qodef-m-title\" >\n\t\t\t\t\t<span class=\"qodef-m-title-text\">Info<\/span>\n\t\t\t<\/h4>\n\t\t\t<\/div>\n<\/div>\n\t\t\t\t<\/div>\n\t\t\t\t<\/div>\n\t\t\t\t<div class=\"elementor-element elementor-element-936df4a elementor-widget elementor-widget-text-editor\" data-id=\"936df4a\" data-element_type=\"widget\" data-widget_type=\"text-editor.default\">\n\t\t\t\t\t\t\t\t\t<p>DoB: 2006<br \/>Vancouver<\/p>\t\t\t\t\t\t\t\t<\/div>\n\t\t\t\t<div class=\"elementor-element elementor-element-6966551 elementor-widget elementor-widget-henrik_core_icon_with_text\" data-id=\"6966551\" data-element_type=\"widget\" data-widget_type=\"henrik_core_icon_with_text.default\">\n\t\t\t\t<div class=\"elementor-widget-container\">\n\t\t\t\t\t<div class=\"qodef-shortcode qodef-m  qodef-icon-with-text qodef-layout--before-content qodef--icon-pack\">\n\t<div class=\"qodef-m-icon-wrapper\">\n\t\t<span class=\"qodef-shortcode qodef-m  qodef-icon-holder qodef-size--default qodef-layout--normal\"  >\t\t\t\t<\/span>\t<\/div>\n\t<div class=\"qodef-m-content\">\n\t\t\t<h4 class=\"qodef-m-title\" >\n\t\t\t\t\t<span class=\"qodef-m-title-text\">Links<\/span>\n\t\t\t<\/h4>\n\t\t\t<\/div>\n<\/div>\n\t\t\t\t<\/div>\n\t\t\t\t<\/div>\n\t\t\t\t<div class=\"elementor-element elementor-element-35e2bdf elementor-widget elementor-widget-text-editor\" data-id=\"35e2bdf\" data-element_type=\"widget\" data-widget_type=\"text-editor.default\">\n\t\t\t\t\t\t\t\t\t<a class=\"qodef-custom-inner-link\" href=\"https:\/\/saxxunderwear.com\/\" target=\"_blank\" rel=\"noopener\">saxxunderwear.com<\/a>\n\n<a class=\"qodef-custom-inner-link\" href=\"https:\/\/www.instagram.com\/saxxunderwear\/\" target=\"_blank\" rel=\"noopener\">Instagram<\/a>\t\t\t\t\t\t\t\t<\/div>\n\t\t\t\t\t<\/div>\n\t\t<\/div>\n\t\t\t\t<div class=\"elementor-column elementor-col-33 elementor-top-column elementor-element elementor-element-f75c9e6\" data-id=\"f75c9e6\" data-element_type=\"column\">\n\t\t\t<div class=\"elementor-widget-wrap elementor-element-populated\">\n\t\t\t\t\t\t<div class=\"elementor-element elementor-element-2875711 elementor-widget elementor-widget-henrik_core_icon_with_text\" data-id=\"2875711\" data-element_type=\"widget\" data-widget_type=\"henrik_core_icon_with_text.default\">\n\t\t\t\t<div class=\"elementor-widget-container\">\n\t\t\t\t\t<div class=\"qodef-shortcode qodef-m  qodef-icon-with-text qodef-layout--before-content qodef--icon-pack\">\n\t<div class=\"qodef-m-icon-wrapper\">\n\t\t<span class=\"qodef-shortcode qodef-m  qodef-icon-holder qodef-size--default qodef-layout--normal\"  >\t\t\t\t<\/span>\t<\/div>\n\t<div class=\"qodef-m-content\">\n\t\t\t<h4 class=\"qodef-m-title\" >\n\t\t\t\t\t<span class=\"qodef-m-title-text\">Produits<\/span>\n\t\t\t<\/h4>\n\t\t\t<\/div>\n<\/div>\n\t\t\t\t<\/div>\n\t\t\t\t<\/div>\n\t\t\t\t<div class=\"elementor-element elementor-element-931ee62 elementor-widget elementor-widget-spacer\" data-id=\"931ee62\" data-element_type=\"widget\" data-widget_type=\"spacer.default\">\n\t\t\t\t\t\t\t<div class=\"elementor-spacer\">\n\t\t\t<div class=\"elementor-spacer-inner\"><\/div>\n\t\t<\/div>\n\t\t\t\t\t\t<\/div>\n\t\t\t\t<div class=\"elementor-element elementor-element-e2eb53c elementor-widget__width-auto entoure elementor-widget elementor-widget-text-editor\" data-id=\"e2eb53c\" data-element_type=\"widget\" data-widget_type=\"text-editor.default\">\n\t\t\t\t\t\t\t\t\t<p>sous-v\u00eatements<\/p>\t\t\t\t\t\t\t\t<\/div>\n\t\t\t\t<div class=\"elementor-element elementor-element-ab76fb6 elementor-widget elementor-widget-spacer\" data-id=\"ab76fb6\" data-element_type=\"widget\" data-widget_type=\"spacer.default\">\n\t\t\t\t\t\t\t<div class=\"elementor-spacer\">\n\t\t\t<div class=\"elementor-spacer-inner\"><\/div>\n\t\t<\/div>\n\t\t\t\t\t\t<\/div>\n\t\t\t\t<div class=\"elementor-element elementor-element-bb9422b elementor-widget__width-auto entoure elementor-widget elementor-widget-text-editor\" data-id=\"bb9422b\" data-element_type=\"widget\" data-widget_type=\"text-editor.default\">\n\t\t\t\t\t\t\t\t\t<p>short 2 en 1<\/p>\t\t\t\t\t\t\t\t<\/div>\n\t\t\t\t<div class=\"elementor-element elementor-element-198290a elementor-widget elementor-widget-spacer\" data-id=\"198290a\" data-element_type=\"widget\" data-widget_type=\"spacer.default\">\n\t\t\t\t\t\t\t<div class=\"elementor-spacer\">\n\t\t\t<div class=\"elementor-spacer-inner\"><\/div>\n\t\t<\/div>\n\t\t\t\t\t\t<\/div>\n\t\t\t\t<div class=\"elementor-element elementor-element-fd22c78 elementor-widget__width-auto entoure elementor-widget elementor-widget-text-editor\" data-id=\"fd22c78\" data-element_type=\"widget\" data-widget_type=\"text-editor.default\">\n\t\t\t\t\t\t\t\t\t<p>short de bain 2 en 1<\/p>\t\t\t\t\t\t\t\t<\/div>\n\t\t\t\t<div class=\"elementor-element elementor-element-51bf89c elementor-widget elementor-widget-spacer\" data-id=\"51bf89c\" data-element_type=\"widget\" data-widget_type=\"spacer.default\">\n\t\t\t\t\t\t\t<div class=\"elementor-spacer\">\n\t\t\t<div class=\"elementor-spacer-inner\"><\/div>\n\t\t<\/div>\n\t\t\t\t\t\t<\/div>\n\t\t\t\t<div class=\"elementor-element elementor-element-dd6d551 elementor-widget__width-auto entoure elementor-widget elementor-widget-text-editor\" data-id=\"dd6d551\" data-element_type=\"widget\" data-widget_type=\"text-editor.default\">\n\t\t\t\t\t\t\t\t\t<p>t-shirt technique<\/p>\t\t\t\t\t\t\t\t<\/div>\n\t\t\t\t\t<\/div>\n\t\t<\/div>\n\t\t\t\t\t<\/div>\n\t\t<\/section>\n\t\t\t\t<section class=\"elementor-section elementor-top-section elementor-element elementor-element-d9fbe1c elementor-section-full_width elementor-section-height-default elementor-section-height-default qodef-elementor-content-no\" data-id=\"d9fbe1c\" data-element_type=\"section\">\n\t\t\t\t\t\t<div class=\"elementor-container elementor-column-gap-default\">\n\t\t\t\t\t<div class=\"elementor-column elementor-col-100 elementor-top-column elementor-element elementor-element-49829ef\" data-id=\"49829ef\" data-element_type=\"column\">\n\t\t\t<div class=\"elementor-widget-wrap elementor-element-populated\">\n\t\t\t\t\t\t<div class=\"elementor-element elementor-element-a5bb96e elementor-widget elementor-widget-henrik_core_image_gallery\" data-id=\"a5bb96e\" data-element_type=\"widget\" data-widget_type=\"henrik_core_image_gallery.default\">\n\t\t\t\t<div class=\"elementor-widget-container\">\n\t\t\t\t\t<div class=\"qodef-shortcode qodef-m  qodef-image-gallery  qodef-grid qodef-layout--masonry qodef-layout--masonry  qodef-gutter--large qodef-col-num--2  qodef-responsive--predefined\">\n\t<div class=\"qodef-grid-inner clear\">\n\t\t\t<div class=\"qodef-grid-masonry-sizer\"><\/div>\n\t<div class=\"qodef-grid-masonry-gutter\"><\/div>\n<div class=\"qodef-e qodef-image-wrapper qodef-grid-item qodef-grid-item\">\n\t\t\t<img fetchpriority=\"high\" decoding=\"async\" width=\"1920\" height=\"1080\" src=\"https:\/\/french-albion.com\/wp-content\/uploads\/2022\/10\/French-Albion-Saxx-site-7-jpeg.webp\" class=\"attachment-full size-full\" alt=\"\" srcset=\"https:\/\/french-albion.com\/wp-content\/uploads\/2022\/10\/French-Albion-Saxx-site-7-jpeg.webp 1920w, https:\/\/french-albion.com\/wp-content\/uploads\/2022\/10\/French-Albion-Saxx-site-7-300x169.webp 300w, https:\/\/french-albion.com\/wp-content\/uploads\/2022\/10\/French-Albion-Saxx-site-7-1024x576.webp 1024w, https:\/\/french-albion.com\/wp-content\/uploads\/2022\/10\/French-Albion-Saxx-site-7-768x432.webp 768w, https:\/\/french-albion.com\/wp-content\/uploads\/2022\/10\/French-Albion-Saxx-site-7-1536x864.webp 1536w\" sizes=\"(max-width: 1920px) 100vw, 1920px\" \/>\t<\/div>\n<div class=\"qodef-e qodef-image-wrapper qodef-grid-item qodef-grid-item\">\n\t\t\t<img decoding=\"async\" width=\"1920\" height=\"1080\" src=\"https:\/\/french-albion.com\/wp-content\/uploads\/2022\/10\/French-Albion-Saxx-site-6-jpeg.webp\" class=\"attachment-full size-full\" alt=\"\" srcset=\"https:\/\/french-albion.com\/wp-content\/uploads\/2022\/10\/French-Albion-Saxx-site-6-jpeg.webp 1920w, https:\/\/french-albion.com\/wp-content\/uploads\/2022\/10\/French-Albion-Saxx-site-6-300x169.webp 300w, https:\/\/french-albion.com\/wp-content\/uploads\/2022\/10\/French-Albion-Saxx-site-6-1024x576.webp 1024w, https:\/\/french-albion.com\/wp-content\/uploads\/2022\/10\/French-Albion-Saxx-site-6-768x432.webp 768w, https:\/\/french-albion.com\/wp-content\/uploads\/2022\/10\/French-Albion-Saxx-site-6-1536x864.webp 1536w\" sizes=\"(max-width: 1920px) 100vw, 1920px\" \/>\t<\/div>\n<div class=\"qodef-e qodef-image-wrapper qodef-grid-item qodef-grid-item\">\n\t\t\t<img loading=\"lazy\" decoding=\"async\" width=\"1920\" height=\"1080\" src=\"https:\/\/french-albion.com\/wp-content\/uploads\/2022\/10\/French-Albion-Saxx-site-5-jpeg.webp\" class=\"attachment-full size-full\" alt=\"\" srcset=\"https:\/\/french-albion.com\/wp-content\/uploads\/2022\/10\/French-Albion-Saxx-site-5-jpeg.webp 1920w, https:\/\/french-albion.com\/wp-content\/uploads\/2022\/10\/French-Albion-Saxx-site-5-300x169.webp 300w, https:\/\/french-albion.com\/wp-content\/uploads\/2022\/10\/French-Albion-Saxx-site-5-1024x576.webp 1024w, https:\/\/french-albion.com\/wp-content\/uploads\/2022\/10\/French-Albion-Saxx-site-5-768x432.webp 768w, https:\/\/french-albion.com\/wp-content\/uploads\/2022\/10\/French-Albion-Saxx-site-5-1536x864.webp 1536w\" sizes=\"(max-width: 1920px) 100vw, 1920px\" \/>\t<\/div>\n<div class=\"qodef-e qodef-image-wrapper qodef-grid-item qodef-grid-item\">\n\t\t\t<img loading=\"lazy\" decoding=\"async\" width=\"1920\" height=\"1080\" src=\"https:\/\/french-albion.com\/wp-content\/uploads\/2022\/10\/French-Albion-Saxx-site-4-jpeg.webp\" class=\"attachment-full size-full\" alt=\"\" srcset=\"https:\/\/french-albion.com\/wp-content\/uploads\/2022\/10\/French-Albion-Saxx-site-4-jpeg.webp 1920w, https:\/\/french-albion.com\/wp-content\/uploads\/2022\/10\/French-Albion-Saxx-site-4-300x169.webp 300w, https:\/\/french-albion.com\/wp-content\/uploads\/2022\/10\/French-Albion-Saxx-site-4-1024x576.webp 1024w, https:\/\/french-albion.com\/wp-content\/uploads\/2022\/10\/French-Albion-Saxx-site-4-768x432.webp 768w, https:\/\/french-albion.com\/wp-content\/uploads\/2022\/10\/French-Albion-Saxx-site-4-1536x864.webp 1536w\" sizes=\"(max-width: 1920px) 100vw, 1920px\" \/>\t<\/div>\n<div class=\"qodef-e qodef-image-wrapper qodef-grid-item qodef-grid-item\">\n\t\t\t<img loading=\"lazy\" decoding=\"async\" width=\"1920\" height=\"1080\" src=\"https:\/\/french-albion.com\/wp-content\/uploads\/2023\/03\/23_SX_S23_promoboxx_fb_sport-apparel_1-jpeg.webp\" class=\"attachment-full size-full\" alt=\"\" srcset=\"https:\/\/french-albion.com\/wp-content\/uploads\/2023\/03\/23_SX_S23_promoboxx_fb_sport-apparel_1-jpeg.webp 1920w, https:\/\/french-albion.com\/wp-content\/uploads\/2023\/03\/23_SX_S23_promoboxx_fb_sport-apparel_1-300x169.webp 300w, https:\/\/french-albion.com\/wp-content\/uploads\/2023\/03\/23_SX_S23_promoboxx_fb_sport-apparel_1-1024x576.webp 1024w, https:\/\/french-albion.com\/wp-content\/uploads\/2023\/03\/23_SX_S23_promoboxx_fb_sport-apparel_1-768x432.webp 768w, https:\/\/french-albion.com\/wp-content\/uploads\/2023\/03\/23_SX_S23_promoboxx_fb_sport-apparel_1-1536x864.webp 1536w\" sizes=\"(max-width: 1920px) 100vw, 1920px\" \/>\t<\/div>\n<div class=\"qodef-e qodef-image-wrapper qodef-grid-item qodef-grid-item\">\n\t\t\t<img loading=\"lazy\" decoding=\"async\" width=\"1920\" height=\"1080\" src=\"https:\/\/french-albion.com\/wp-content\/uploads\/2023\/03\/23_SX_S23_promoboxx_fb_sport-apparel_3-jpeg.webp\" class=\"attachment-full size-full\" alt=\"\" srcset=\"https:\/\/french-albion.com\/wp-content\/uploads\/2023\/03\/23_SX_S23_promoboxx_fb_sport-apparel_3-jpeg.webp 1920w, https:\/\/french-albion.com\/wp-content\/uploads\/2023\/03\/23_SX_S23_promoboxx_fb_sport-apparel_3-300x169.webp 300w, https:\/\/french-albion.com\/wp-content\/uploads\/2023\/03\/23_SX_S23_promoboxx_fb_sport-apparel_3-1024x576.webp 1024w, https:\/\/french-albion.com\/wp-content\/uploads\/2023\/03\/23_SX_S23_promoboxx_fb_sport-apparel_3-768x432.webp 768w, https:\/\/french-albion.com\/wp-content\/uploads\/2023\/03\/23_SX_S23_promoboxx_fb_sport-apparel_3-1536x864.webp 1536w\" sizes=\"(max-width: 1920px) 100vw, 1920px\" \/>\t<\/div>\n<div class=\"qodef-e qodef-image-wrapper qodef-grid-item qodef-grid-item\">\n\t\t\t<img loading=\"lazy\" decoding=\"async\" width=\"1920\" height=\"1080\" src=\"https:\/\/french-albion.com\/wp-content\/uploads\/2022\/10\/French-Albion-Saxx-site-3-jpeg.webp\" class=\"attachment-full size-full\" alt=\"\" srcset=\"https:\/\/french-albion.com\/wp-content\/uploads\/2022\/10\/French-Albion-Saxx-site-3-jpeg.webp 1920w, https:\/\/french-albion.com\/wp-content\/uploads\/2022\/10\/French-Albion-Saxx-site-3-300x169.webp 300w, https:\/\/french-albion.com\/wp-content\/uploads\/2022\/10\/French-Albion-Saxx-site-3-1024x576.webp 1024w, https:\/\/french-albion.com\/wp-content\/uploads\/2022\/10\/French-Albion-Saxx-site-3-768x432.webp 768w, https:\/\/french-albion.com\/wp-content\/uploads\/2022\/10\/French-Albion-Saxx-site-3-1536x864.webp 1536w\" sizes=\"(max-width: 1920px) 100vw, 1920px\" \/>\t<\/div>\n<div class=\"qodef-e qodef-image-wrapper qodef-grid-item qodef-grid-item\">\n\t\t\t<img loading=\"lazy\" decoding=\"async\" width=\"1920\" height=\"1080\" src=\"https:\/\/french-albion.com\/wp-content\/uploads\/2022\/10\/French-Albion-Saxx-site-2-jpeg.webp\" class=\"attachment-full size-full\" alt=\"\" srcset=\"https:\/\/french-albion.com\/wp-content\/uploads\/2022\/10\/French-Albion-Saxx-site-2-jpeg.webp 1920w, https:\/\/french-albion.com\/wp-content\/uploads\/2022\/10\/French-Albion-Saxx-site-2-300x169.webp 300w, https:\/\/french-albion.com\/wp-content\/uploads\/2022\/10\/French-Albion-Saxx-site-2-1024x576.webp 1024w, https:\/\/french-albion.com\/wp-content\/uploads\/2022\/10\/French-Albion-Saxx-site-2-768x432.webp 768w, https:\/\/french-albion.com\/wp-content\/uploads\/2022\/10\/French-Albion-Saxx-site-2-1536x864.webp 1536w\" sizes=\"(max-width: 1920px) 100vw, 1920px\" \/>\t<\/div>\n\t<\/div>\n<\/div>\n\t\t\t\t<\/div>\n\t\t\t\t<\/div>\n\t\t\t\t\t<\/div>\n\t\t<\/div>\n\t\t\t\t\t<\/div>\n\t\t<\/section>\n\t\t\t\t<section class=\"elementor-section elementor-top-section elementor-element elementor-element-fba678b elementor-section-full_width elementor-section-height-default elementor-section-height-default qodef-elementor-content-no\" data-id=\"fba678b\" data-element_type=\"section\">\n\t\t\t\t\t\t<div class=\"elementor-container elementor-column-gap-default\">\n\t\t\t\t\t<div class=\"elementor-column elementor-col-100 elementor-top-column elementor-element elementor-element-f3402b3\" data-id=\"f3402b3\" data-element_type=\"column\">\n\t\t\t<div class=\"elementor-widget-wrap elementor-element-populated\">\n\t\t\t\t\t\t<div class=\"elementor-element elementor-element-4ee1fe8 elementor-widget__width-auto elementor-widget elementor-widget-henrik_core_button\" data-id=\"4ee1fe8\" data-element_type=\"widget\" data-widget_type=\"henrik_core_button.default\">\n\t\t\t\t<div class=\"elementor-widget-container\">\n\t\t\t\t\t<a class=\"qodef-shortcode qodef-m  qodef-button qodef-layout--textual   qodef-html--link\" href=\"https:\/\/french-albion.com\/fr\/marques\/\" target=\"_self\"  style=\"font-size: 40px;font-weight: 500\">\n\t<span class=\"qodef-m-text\">&lt; NOS MARQUES<\/span>\n<\/a>\n\t\t\t\t<\/div>\n\t\t\t\t<\/div>\n\t\t\t\t\t<\/div>\n\t\t<\/div>\n\t\t\t\t\t<\/div>\n\t\t<\/section>\n\t\t\t\t<\/div>\n\t\t","protected":false},"excerpt":{"rendered":"<p>Saxx Saxx, la marque canadienne, r\u00e9volutionne les sous-v\u00eatements masculins en alliant style de vie, confort et performance gr\u00e2ce \u00e0 son concept unique et brevet\u00e9 BallPark Pouch. \u00a0 Info DoB: 2006Vancouver Links saxxunderwear.com Instagram Produits sous-v\u00eatements short 2 en 1 short de bain 2 en 1 t-shirt technique &lt; NOS MARQUES<\/p>\n","protected":false},"author":1,"featured_media":0,"parent":8551,"menu_order":0,"comment_status":"closed","ping_status":"closed","template":"page-full-width.php","meta":{"footnotes":""},"class_list":["post-8920","page","type-page","status-publish","hentry"],"aioseo_notices":[],"_links":{"self":[{"href":"https:\/\/french-albion.com\/fr\/wp-json\/wp\/v2\/pages\/8920","targetHints":{"allow":["GET"]}}],"collection":[{"href":"https:\/\/french-albion.com\/fr\/wp-json\/wp\/v2\/pages"}],"about":[{"href":"https:\/\/french-albion.com\/fr\/wp-json\/wp\/v2\/types\/page"}],"author":[{"embeddable":true,"href":"https:\/\/french-albion.com\/fr\/wp-json\/wp\/v2\/users\/1"}],"replies":[{"embeddable":true,"href":"https:\/\/french-albion.com\/fr\/wp-json\/wp\/v2\/comments?post=8920"}],"version-history":[{"count":6,"href":"https:\/\/french-albion.com\/fr\/wp-json\/wp\/v2\/pages\/8920\/revisions"}],"predecessor-version":[{"id":11365,"href":"https:\/\/french-albion.com\/fr\/wp-json\/wp\/v2\/pages\/8920\/revisions\/11365"}],"up":[{"embeddable":true,"href":"https:\/\/french-albion.com\/fr\/wp-json\/wp\/v2\/pages\/8551"}],"wp:attachment":[{"href":"https:\/\/french-albion.com\/fr\/wp-json\/wp\/v2\/media?parent=8920"}],"curies":[{"name":"wp","href":"https:\/\/api.w.org\/{rel}","templated":true}]}}