{"id":8931,"date":"2022-11-07T14:38:48","date_gmt":"2022-11-07T13:38:48","guid":{"rendered":"https:\/\/french-albion.com\/?page_id=8931"},"modified":"2023-10-30T16:09:02","modified_gmt":"2023-10-30T15:09:02","slug":"sun-bum","status":"publish","type":"page","link":"https:\/\/french-albion.com\/fr\/marques\/sun-bum\/","title":{"rendered":"Sun Bum"},"content":{"rendered":"\t\t<div data-elementor-type=\"wp-page\" data-elementor-id=\"8931\" class=\"elementor elementor-8931\">\n\t\t\t\t\t\t<section class=\"elementor-section elementor-top-section elementor-element elementor-element-a7243a8 elementor-section-full_width elementor-section-height-default elementor-section-height-default qodef-elementor-content-no\" data-id=\"a7243a8\" data-element_type=\"section\">\n\t\t\t\t\t\t<div class=\"elementor-container elementor-column-gap-default\">\n\t\t\t\t\t<div class=\"elementor-column elementor-col-100 elementor-top-column elementor-element elementor-element-1549f7f\" data-id=\"1549f7f\" data-element_type=\"column\">\n\t\t\t<div class=\"elementor-widget-wrap elementor-element-populated\">\n\t\t\t\t\t\t<div class=\"elementor-element elementor-element-f612a48 elementor-widget elementor-widget-text-editor\" data-id=\"f612a48\" data-element_type=\"widget\" data-widget_type=\"text-editor.default\">\n\t\t\t\t\t\t\t\t\t<h1>Sun Bum<\/h1>\t\t\t\t\t\t\t\t<\/div>\n\t\t\t\t\t<\/div>\n\t\t<\/div>\n\t\t\t\t\t<\/div>\n\t\t<\/section>\n\t\t\t\t<section class=\"elementor-section elementor-top-section elementor-element elementor-element-b662ca2 elementor-section-full_width elementor-section-height-default elementor-section-height-default qodef-elementor-content-no\" data-id=\"b662ca2\" data-element_type=\"section\">\n\t\t\t\t\t\t<div class=\"elementor-container elementor-column-gap-default\">\n\t\t\t\t\t<div class=\"elementor-column elementor-col-33 elementor-top-column elementor-element elementor-element-c5c6592\" data-id=\"c5c6592\" data-element_type=\"column\">\n\t\t\t<div class=\"elementor-widget-wrap elementor-element-populated\">\n\t\t\t\t\t\t<div class=\"elementor-element elementor-element-25247c7 elementor-widget elementor-widget-image\" data-id=\"25247c7\" data-element_type=\"widget\" data-widget_type=\"image.default\">\n\t\t\t\t\t\t\t\t\t\t\t\t\t\t\t<img decoding=\"async\" width=\"150\" height=\"217\" src=\"https:\/\/french-albion.com\/wp-content\/uploads\/2022\/11\/French-Albion-Sun-Bum-Logo-1--jpeg.webp\" class=\"attachment-large size-large wp-image-9793\" alt=\"\" \/>\t\t\t\t\t\t\t\t\t\t\t\t\t\t\t<\/div>\n\t\t\t\t<div class=\"elementor-element elementor-element-057481b elementor-widget elementor-widget-spacer\" data-id=\"057481b\" data-element_type=\"widget\" data-widget_type=\"spacer.default\">\n\t\t\t\t\t\t\t<div class=\"elementor-spacer\">\n\t\t\t<div class=\"elementor-spacer-inner\"><\/div>\n\t\t<\/div>\n\t\t\t\t\t\t<\/div>\n\t\t\t\t<div class=\"elementor-element elementor-element-96bfd77 elementor-widget__width-initial elementor-widget elementor-widget-text-editor\" data-id=\"96bfd77\" data-element_type=\"widget\" data-widget_type=\"text-editor.default\">\n\t\t\t\t\t\t\t\t\t<p>En 2010, Sun Bum s&rsquo;est lanc\u00e9 dans la fabrication de produits solaires pour aider ses amis et sa famille \u00e0 se prot\u00e9ger du soleil. Depuis, l&rsquo;entreprise s&rsquo;est d\u00e9velopp\u00e9e et a pris beaucoup d&rsquo;ampleur, mais elle n&rsquo;a pas vraiment chang\u00e9. Ils font toujours des pauses surf, \u00e9coutent de vieux vinyles et jouent beaucoup trop au ping-pong. Du bureau d&rsquo;origine \u00e0 Cocoa Beach, en Floride, au si\u00e8ge actuel d&rsquo;Encinitas, en Californie, ils s&rsquo;engagent toujours \u00e0 fabriquer des produits de qualit\u00e9 pour ceux d&rsquo;entre nous qui vivent et aiment sous le soleil.<\/p>\t\t\t\t\t\t\t\t<\/div>\n\t\t\t\t\t<\/div>\n\t\t<\/div>\n\t\t\t\t<div class=\"elementor-column elementor-col-33 elementor-top-column elementor-element elementor-element-a5bb9f0\" data-id=\"a5bb9f0\" data-element_type=\"column\">\n\t\t\t<div class=\"elementor-widget-wrap elementor-element-populated\">\n\t\t\t\t\t\t<div class=\"elementor-element elementor-element-4261620 elementor-widget elementor-widget-henrik_core_icon_with_text\" data-id=\"4261620\" data-element_type=\"widget\" data-widget_type=\"henrik_core_icon_with_text.default\">\n\t\t\t\t<div class=\"elementor-widget-container\">\n\t\t\t\t\t<div class=\"qodef-shortcode qodef-m  qodef-icon-with-text qodef-layout--before-content qodef--icon-pack\">\n\t<div class=\"qodef-m-icon-wrapper\">\n\t\t<span class=\"qodef-shortcode qodef-m  qodef-icon-holder qodef-size--default qodef-layout--normal\"  >\t\t\t\t<\/span>\t<\/div>\n\t<div class=\"qodef-m-content\">\n\t\t\t<h4 class=\"qodef-m-title\" >\n\t\t\t\t\t<span class=\"qodef-m-title-text\">Info<\/span>\n\t\t\t<\/h4>\n\t\t\t<\/div>\n<\/div>\n\t\t\t\t<\/div>\n\t\t\t\t<\/div>\n\t\t\t\t<div class=\"elementor-element elementor-element-936df4a elementor-widget elementor-widget-text-editor\" data-id=\"936df4a\" data-element_type=\"widget\" data-widget_type=\"text-editor.default\">\n\t\t\t\t\t\t\t\t\t<div class=\"page\" title=\"Page 1\"><div class=\"layoutArea\"><div class=\"column\"><p>DoB: 2010 Cocoa Beach, Floride<\/p><\/div><\/div><\/div>\t\t\t\t\t\t\t\t<\/div>\n\t\t\t\t<div class=\"elementor-element elementor-element-6966551 elementor-widget elementor-widget-henrik_core_icon_with_text\" data-id=\"6966551\" data-element_type=\"widget\" data-widget_type=\"henrik_core_icon_with_text.default\">\n\t\t\t\t<div class=\"elementor-widget-container\">\n\t\t\t\t\t<div class=\"qodef-shortcode qodef-m  qodef-icon-with-text qodef-layout--before-content qodef--icon-pack\">\n\t<div class=\"qodef-m-icon-wrapper\">\n\t\t<span class=\"qodef-shortcode qodef-m  qodef-icon-holder qodef-size--default qodef-layout--normal\"  >\t\t\t\t<\/span>\t<\/div>\n\t<div class=\"qodef-m-content\">\n\t\t\t<h4 class=\"qodef-m-title\" >\n\t\t\t\t\t<span class=\"qodef-m-title-text\">Links<\/span>\n\t\t\t<\/h4>\n\t\t\t<\/div>\n<\/div>\n\t\t\t\t<\/div>\n\t\t\t\t<\/div>\n\t\t\t\t<div class=\"elementor-element elementor-element-35e2bdf elementor-widget elementor-widget-text-editor\" data-id=\"35e2bdf\" data-element_type=\"widget\" data-widget_type=\"text-editor.default\">\n\t\t\t\t\t\t\t\t\t<a class=\"qodef-custom-inner-link\" href=\"https:\/\/sunbum.com\" target=\"_blank\" rel=\"noopener\">sunbum.com<\/a>\n\n<a class=\"qodef-custom-inner-link\" href=\"https:\/\/www.instagram.com\/sunbum\/\" target=\"_blank\" rel=\"noopener\">Instagram<\/a>\t\t\t\t\t\t\t\t<\/div>\n\t\t\t\t\t<\/div>\n\t\t<\/div>\n\t\t\t\t<div class=\"elementor-column elementor-col-33 elementor-top-column elementor-element elementor-element-f75c9e6\" data-id=\"f75c9e6\" data-element_type=\"column\">\n\t\t\t<div class=\"elementor-widget-wrap elementor-element-populated\">\n\t\t\t\t\t\t<div class=\"elementor-element elementor-element-2875711 elementor-widget elementor-widget-henrik_core_icon_with_text\" data-id=\"2875711\" data-element_type=\"widget\" data-widget_type=\"henrik_core_icon_with_text.default\">\n\t\t\t\t<div class=\"elementor-widget-container\">\n\t\t\t\t\t<div class=\"qodef-shortcode qodef-m  qodef-icon-with-text qodef-layout--before-content qodef--icon-pack\">\n\t<div class=\"qodef-m-icon-wrapper\">\n\t\t<span class=\"qodef-shortcode qodef-m  qodef-icon-holder qodef-size--default qodef-layout--normal\"  >\t\t\t\t<\/span>\t<\/div>\n\t<div class=\"qodef-m-content\">\n\t\t\t<h4 class=\"qodef-m-title\" >\n\t\t\t\t\t<span class=\"qodef-m-title-text\">Produits<\/span>\n\t\t\t<\/h4>\n\t\t\t<\/div>\n<\/div>\n\t\t\t\t<\/div>\n\t\t\t\t<\/div>\n\t\t\t\t<div class=\"elementor-element elementor-element-931ee62 elementor-widget elementor-widget-spacer\" data-id=\"931ee62\" data-element_type=\"widget\" data-widget_type=\"spacer.default\">\n\t\t\t\t\t\t\t<div class=\"elementor-spacer\">\n\t\t\t<div class=\"elementor-spacer-inner\"><\/div>\n\t\t<\/div>\n\t\t\t\t\t\t<\/div>\n\t\t\t\t<div class=\"elementor-element elementor-element-e2eb53c elementor-widget__width-auto entoure elementor-widget elementor-widget-text-editor\" data-id=\"e2eb53c\" data-element_type=\"widget\" data-widget_type=\"text-editor.default\">\n\t\t\t\t\t\t\t\t\t<p>Protection solaire<\/p>\t\t\t\t\t\t\t\t<\/div>\n\t\t\t\t<div class=\"elementor-element elementor-element-ab76fb6 elementor-widget elementor-widget-spacer\" data-id=\"ab76fb6\" data-element_type=\"widget\" data-widget_type=\"spacer.default\">\n\t\t\t\t\t\t\t<div class=\"elementor-spacer\">\n\t\t\t<div class=\"elementor-spacer-inner\"><\/div>\n\t\t<\/div>\n\t\t\t\t\t\t<\/div>\n\t\t\t\t<div class=\"elementor-element elementor-element-bb9422b elementor-widget__width-auto entoure elementor-widget elementor-widget-text-editor\" data-id=\"bb9422b\" data-element_type=\"widget\" data-widget_type=\"text-editor.default\">\n\t\t\t\t\t\t\t\t\t<p>cheveux<\/p>\t\t\t\t\t\t\t\t<\/div>\n\t\t\t\t<div class=\"elementor-element elementor-element-198290a elementor-widget elementor-widget-spacer\" data-id=\"198290a\" data-element_type=\"widget\" data-widget_type=\"spacer.default\">\n\t\t\t\t\t\t\t<div class=\"elementor-spacer\">\n\t\t\t<div class=\"elementor-spacer-inner\"><\/div>\n\t\t<\/div>\n\t\t\t\t\t\t<\/div>\n\t\t\t\t<div class=\"elementor-element elementor-element-fd22c78 elementor-widget__width-auto entoure elementor-widget elementor-widget-text-editor\" data-id=\"fd22c78\" data-element_type=\"widget\" data-widget_type=\"text-editor.default\">\n\t\t\t\t\t\t\t\t\t<p>l\u00e8vres<\/p>\t\t\t\t\t\t\t\t<\/div>\n\t\t\t\t<div class=\"elementor-element elementor-element-51bf89c elementor-widget elementor-widget-spacer\" data-id=\"51bf89c\" data-element_type=\"widget\" data-widget_type=\"spacer.default\">\n\t\t\t\t\t\t\t<div class=\"elementor-spacer\">\n\t\t\t<div class=\"elementor-spacer-inner\"><\/div>\n\t\t<\/div>\n\t\t\t\t\t\t<\/div>\n\t\t\t\t\t<\/div>\n\t\t<\/div>\n\t\t\t\t\t<\/div>\n\t\t<\/section>\n\t\t\t\t<section class=\"elementor-section elementor-top-section elementor-element elementor-element-d9fbe1c elementor-section-full_width elementor-section-height-default elementor-section-height-default qodef-elementor-content-no\" data-id=\"d9fbe1c\" data-element_type=\"section\">\n\t\t\t\t\t\t<div class=\"elementor-container elementor-column-gap-default\">\n\t\t\t\t\t<div class=\"elementor-column elementor-col-100 elementor-top-column elementor-element elementor-element-49829ef\" data-id=\"49829ef\" data-element_type=\"column\">\n\t\t\t<div class=\"elementor-widget-wrap elementor-element-populated\">\n\t\t\t\t\t\t<div class=\"elementor-element elementor-element-a5bb96e elementor-widget elementor-widget-henrik_core_image_gallery\" data-id=\"a5bb96e\" data-element_type=\"widget\" data-widget_type=\"henrik_core_image_gallery.default\">\n\t\t\t\t<div class=\"elementor-widget-container\">\n\t\t\t\t\t<div class=\"qodef-shortcode qodef-m  qodef-image-gallery  qodef-grid qodef-layout--masonry qodef-layout--masonry  qodef-gutter--large qodef-col-num--2  qodef-responsive--predefined\">\n\t<div class=\"qodef-grid-inner clear\">\n\t\t\t<div class=\"qodef-grid-masonry-sizer\"><\/div>\n\t<div class=\"qodef-grid-masonry-gutter\"><\/div>\n<div class=\"qodef-e qodef-image-wrapper qodef-grid-item qodef-grid-item\">\n\t\t\t<img fetchpriority=\"high\" decoding=\"async\" width=\"1350\" height=\"900\" src=\"https:\/\/french-albion.com\/wp-content\/uploads\/2023\/03\/French-Albion-Sun-Bum-19-jpeg.webp\" class=\"attachment-full size-full\" alt=\"\" srcset=\"https:\/\/french-albion.com\/wp-content\/uploads\/2023\/03\/French-Albion-Sun-Bum-19-jpeg.webp 1350w, https:\/\/french-albion.com\/wp-content\/uploads\/2023\/03\/French-Albion-Sun-Bum-19-300x200.webp 300w, https:\/\/french-albion.com\/wp-content\/uploads\/2023\/03\/French-Albion-Sun-Bum-19-1024x683.webp 1024w, https:\/\/french-albion.com\/wp-content\/uploads\/2023\/03\/French-Albion-Sun-Bum-19-768x512.webp 768w\" sizes=\"(max-width: 1350px) 100vw, 1350px\" \/>\t<\/div>\n<div class=\"qodef-e qodef-image-wrapper qodef-grid-item qodef-grid-item\">\n\t\t\t<img decoding=\"async\" width=\"1350\" height=\"900\" src=\"https:\/\/french-albion.com\/wp-content\/uploads\/2022\/11\/French-Albion-Sun-Bum-14-resized-jpeg.webp\" class=\"attachment-full size-full\" alt=\"\" \/>\t<\/div>\n<div class=\"qodef-e qodef-image-wrapper qodef-grid-item qodef-grid-item\">\n\t\t\t<img loading=\"lazy\" decoding=\"async\" width=\"1350\" height=\"900\" src=\"https:\/\/french-albion.com\/wp-content\/uploads\/2022\/11\/French-Albion-Sun-Bum-site-2-resized-1-jpeg.webp\" class=\"attachment-full size-full\" alt=\"\" \/>\t<\/div>\n<div class=\"qodef-e qodef-image-wrapper qodef-grid-item qodef-grid-item\">\n\t\t\t<img loading=\"lazy\" decoding=\"async\" width=\"1350\" height=\"900\" src=\"https:\/\/french-albion.com\/wp-content\/uploads\/2022\/11\/French-Albion-Sun-Bum-08-resized--jpeg.webp\" class=\"attachment-full size-full\" alt=\"\" \/>\t<\/div>\n<div class=\"qodef-e qodef-image-wrapper qodef-grid-item qodef-grid-item\">\n\t\t\t<img loading=\"lazy\" decoding=\"async\" width=\"1349\" height=\"900\" src=\"https:\/\/french-albion.com\/wp-content\/uploads\/2023\/03\/French-Albion-Sun-Bum-22.png\" class=\"attachment-full size-full\" alt=\"\" srcset=\"https:\/\/french-albion.com\/wp-content\/uploads\/2023\/03\/French-Albion-Sun-Bum-22.png 1349w, https:\/\/french-albion.com\/wp-content\/uploads\/2023\/03\/French-Albion-Sun-Bum-22-300x200.png 300w, https:\/\/french-albion.com\/wp-content\/uploads\/2023\/03\/French-Albion-Sun-Bum-22-1024x683.png 1024w, https:\/\/french-albion.com\/wp-content\/uploads\/2023\/03\/French-Albion-Sun-Bum-22-768x512.png 768w\" sizes=\"(max-width: 1349px) 100vw, 1349px\" \/>\t<\/div>\n<div class=\"qodef-e qodef-image-wrapper qodef-grid-item qodef-grid-item\">\n\t\t\t<img loading=\"lazy\" decoding=\"async\" width=\"1350\" height=\"900\" src=\"https:\/\/french-albion.com\/wp-content\/uploads\/2023\/03\/French-Albion-Sun-Bum-21-jpeg.webp\" class=\"attachment-full size-full\" alt=\"\" srcset=\"https:\/\/french-albion.com\/wp-content\/uploads\/2023\/03\/French-Albion-Sun-Bum-21-jpeg.webp 1350w, https:\/\/french-albion.com\/wp-content\/uploads\/2023\/03\/French-Albion-Sun-Bum-21-300x200.webp 300w, https:\/\/french-albion.com\/wp-content\/uploads\/2023\/03\/French-Albion-Sun-Bum-21-1024x683.webp 1024w, https:\/\/french-albion.com\/wp-content\/uploads\/2023\/03\/French-Albion-Sun-Bum-21-768x512.webp 768w\" sizes=\"(max-width: 1350px) 100vw, 1350px\" \/>\t<\/div>\n<div class=\"qodef-e qodef-image-wrapper qodef-grid-item qodef-grid-item\">\n\t\t\t<img loading=\"lazy\" decoding=\"async\" width=\"1350\" height=\"900\" src=\"https:\/\/french-albion.com\/wp-content\/uploads\/2022\/11\/Sun-Bum-French-Albion-10-resized-jpeg.webp\" class=\"attachment-full size-full\" alt=\"\" \/>\t<\/div>\n<div class=\"qodef-e qodef-image-wrapper qodef-grid-item qodef-grid-item\">\n\t\t\t<img loading=\"lazy\" decoding=\"async\" width=\"1350\" height=\"900\" src=\"https:\/\/french-albion.com\/wp-content\/uploads\/2023\/03\/French-Albion-Sun-Bum-23-jpeg.webp\" class=\"attachment-full size-full\" alt=\"\" srcset=\"https:\/\/french-albion.com\/wp-content\/uploads\/2023\/03\/French-Albion-Sun-Bum-23-jpeg.webp 1350w, https:\/\/french-albion.com\/wp-content\/uploads\/2023\/03\/French-Albion-Sun-Bum-23-300x200.webp 300w, https:\/\/french-albion.com\/wp-content\/uploads\/2023\/03\/French-Albion-Sun-Bum-23-1024x683.webp 1024w, https:\/\/french-albion.com\/wp-content\/uploads\/2023\/03\/French-Albion-Sun-Bum-23-768x512.webp 768w\" sizes=\"(max-width: 1350px) 100vw, 1350px\" \/>\t<\/div>\n\t<\/div>\n<\/div>\n\t\t\t\t<\/div>\n\t\t\t\t<\/div>\n\t\t\t\t\t<\/div>\n\t\t<\/div>\n\t\t\t\t\t<\/div>\n\t\t<\/section>\n\t\t\t\t<section class=\"elementor-section elementor-top-section elementor-element elementor-element-88d7998 elementor-section-full_width elementor-section-height-default elementor-section-height-default qodef-elementor-content-no\" data-id=\"88d7998\" data-element_type=\"section\">\n\t\t\t\t\t\t<div class=\"elementor-container elementor-column-gap-default\">\n\t\t\t\t\t<div class=\"elementor-column elementor-col-100 elementor-top-column elementor-element elementor-element-3e3ae0c\" data-id=\"3e3ae0c\" data-element_type=\"column\">\n\t\t\t<div class=\"elementor-widget-wrap elementor-element-populated\">\n\t\t\t\t\t\t<div class=\"elementor-element elementor-element-678507a elementor-widget__width-auto elementor-widget elementor-widget-henrik_core_button\" data-id=\"678507a\" data-element_type=\"widget\" data-widget_type=\"henrik_core_button.default\">\n\t\t\t\t<div class=\"elementor-widget-container\">\n\t\t\t\t\t<a class=\"qodef-shortcode qodef-m  qodef-button qodef-layout--textual   qodef-html--link\" href=\"https:\/\/french-albion.com\/fr\/marques\/\" target=\"_self\"  style=\"font-size: 40px;font-weight: 500\">\n\t<span class=\"qodef-m-text\">&lt; NOS MARQUES<\/span>\n<\/a>\n\t\t\t\t<\/div>\n\t\t\t\t<\/div>\n\t\t\t\t\t<\/div>\n\t\t<\/div>\n\t\t\t\t\t<\/div>\n\t\t<\/section>\n\t\t\t\t<\/div>\n\t\t","protected":false},"excerpt":{"rendered":"<p>Sun Bum En 2010, Sun Bum s&rsquo;est lanc\u00e9 dans la fabrication de produits solaires pour aider ses amis et sa famille \u00e0 se prot\u00e9ger du soleil. Depuis, l&rsquo;entreprise s&rsquo;est d\u00e9velopp\u00e9e et a pris beaucoup d&rsquo;ampleur, mais elle n&rsquo;a pas vraiment chang\u00e9. Ils font toujours des pauses surf, \u00e9coutent de vieux vinyles et jouent beaucoup trop [&hellip;]<\/p>\n","protected":false},"author":1,"featured_media":0,"parent":8551,"menu_order":0,"comment_status":"closed","ping_status":"closed","template":"page-full-width.php","meta":{"footnotes":""},"class_list":["post-8931","page","type-page","status-publish","hentry"],"aioseo_notices":[],"_links":{"self":[{"href":"https:\/\/french-albion.com\/fr\/wp-json\/wp\/v2\/pages\/8931","targetHints":{"allow":["GET"]}}],"collection":[{"href":"https:\/\/french-albion.com\/fr\/wp-json\/wp\/v2\/pages"}],"about":[{"href":"https:\/\/french-albion.com\/fr\/wp-json\/wp\/v2\/types\/page"}],"author":[{"embeddable":true,"href":"https:\/\/french-albion.com\/fr\/wp-json\/wp\/v2\/users\/1"}],"replies":[{"embeddable":true,"href":"https:\/\/french-albion.com\/fr\/wp-json\/wp\/v2\/comments?post=8931"}],"version-history":[{"count":15,"href":"https:\/\/french-albion.com\/fr\/wp-json\/wp\/v2\/pages\/8931\/revisions"}],"predecessor-version":[{"id":11961,"href":"https:\/\/french-albion.com\/fr\/wp-json\/wp\/v2\/pages\/8931\/revisions\/11961"}],"up":[{"embeddable":true,"href":"https:\/\/french-albion.com\/fr\/wp-json\/wp\/v2\/pages\/8551"}],"wp:attachment":[{"href":"https:\/\/french-albion.com\/fr\/wp-json\/wp\/v2\/media?parent=8931"}],"curies":[{"name":"wp","href":"https:\/\/api.w.org\/{rel}","templated":true}]}}