{"id":8951,"date":"2022-11-07T14:41:44","date_gmt":"2022-11-07T13:41:44","guid":{"rendered":"https:\/\/french-albion.com\/?page_id=8951"},"modified":"2023-05-23T15:16:57","modified_gmt":"2023-05-23T13:16:57","slug":"katin","status":"publish","type":"page","link":"https:\/\/french-albion.com\/fr\/marques\/katin\/","title":{"rendered":"Katin"},"content":{"rendered":"\t\t<div data-elementor-type=\"wp-page\" data-elementor-id=\"8951\" class=\"elementor elementor-8951\">\n\t\t\t\t\t\t<section class=\"elementor-section elementor-top-section elementor-element elementor-element-a7243a8 elementor-section-full_width elementor-section-height-default elementor-section-height-default qodef-elementor-content-no\" data-id=\"a7243a8\" data-element_type=\"section\">\n\t\t\t\t\t\t<div class=\"elementor-container elementor-column-gap-default\">\n\t\t\t\t\t<div class=\"elementor-column elementor-col-100 elementor-top-column elementor-element elementor-element-1549f7f\" data-id=\"1549f7f\" data-element_type=\"column\">\n\t\t\t<div class=\"elementor-widget-wrap elementor-element-populated\">\n\t\t\t\t\t\t<div class=\"elementor-element elementor-element-f612a48 elementor-widget elementor-widget-text-editor\" data-id=\"f612a48\" data-element_type=\"widget\" data-widget_type=\"text-editor.default\">\n\t\t\t\t\t\t\t\t\t<h1>Katin<\/h1>\t\t\t\t\t\t\t\t<\/div>\n\t\t\t\t\t<\/div>\n\t\t<\/div>\n\t\t\t\t\t<\/div>\n\t\t<\/section>\n\t\t\t\t<section class=\"elementor-section elementor-top-section elementor-element elementor-element-b662ca2 elementor-section-full_width elementor-section-height-default elementor-section-height-default qodef-elementor-content-no\" data-id=\"b662ca2\" data-element_type=\"section\">\n\t\t\t\t\t\t<div class=\"elementor-container elementor-column-gap-default\">\n\t\t\t\t\t<div class=\"elementor-column elementor-col-33 elementor-top-column elementor-element elementor-element-c5c6592\" data-id=\"c5c6592\" data-element_type=\"column\">\n\t\t\t<div class=\"elementor-widget-wrap elementor-element-populated\">\n\t\t\t\t\t\t<div class=\"elementor-element elementor-element-438ef63 elementor-widget elementor-widget-image\" data-id=\"438ef63\" data-element_type=\"widget\" data-widget_type=\"image.default\">\n\t\t\t\t\t\t\t\t\t\t\t\t\t\t\t<img decoding=\"async\" width=\"300\" height=\"125\" src=\"https:\/\/french-albion.com\/wp-content\/uploads\/2023\/03\/French-Albion-Katin--300x125.png\" class=\"attachment-medium size-medium wp-image-11394\" alt=\"\" srcset=\"https:\/\/french-albion.com\/wp-content\/uploads\/2023\/03\/French-Albion-Katin--300x125.png 300w, https:\/\/french-albion.com\/wp-content\/uploads\/2023\/03\/French-Albion-Katin--1024x426.png 1024w, https:\/\/french-albion.com\/wp-content\/uploads\/2023\/03\/French-Albion-Katin--768x320.png 768w, https:\/\/french-albion.com\/wp-content\/uploads\/2023\/03\/French-Albion-Katin--1536x640.png 1536w, https:\/\/french-albion.com\/wp-content\/uploads\/2023\/03\/French-Albion-Katin-.png 1926w\" sizes=\"(max-width: 300px) 100vw, 300px\" \/>\t\t\t\t\t\t\t\t\t\t\t\t\t\t\t<\/div>\n\t\t\t\t<div class=\"elementor-element elementor-element-96bfd77 elementor-widget__width-initial elementor-widget elementor-widget-text-editor\" data-id=\"96bfd77\" data-element_type=\"widget\" data-widget_type=\"text-editor.default\">\n\t\t\t\t\t\t\t\t\t<p class=\"p1\">Avec la cr\u00e9ation du tout premier maillot de surf au monde fait en toile de couvertures de bateau, Katin est la pionni\u00e8re de la culture surf am\u00e9ricaine et reconnue pour ses produits durables, bien con\u00e7us et de premi\u00e8re qualit\u00e9.<\/p>\t\t\t\t\t\t\t\t<\/div>\n\t\t\t\t\t<\/div>\n\t\t<\/div>\n\t\t\t\t<div class=\"elementor-column elementor-col-33 elementor-top-column elementor-element elementor-element-a5bb9f0\" data-id=\"a5bb9f0\" data-element_type=\"column\">\n\t\t\t<div class=\"elementor-widget-wrap elementor-element-populated\">\n\t\t\t\t\t\t<div class=\"elementor-element elementor-element-4261620 elementor-widget elementor-widget-henrik_core_icon_with_text\" data-id=\"4261620\" data-element_type=\"widget\" data-widget_type=\"henrik_core_icon_with_text.default\">\n\t\t\t\t<div class=\"elementor-widget-container\">\n\t\t\t\t\t<div class=\"qodef-shortcode qodef-m  qodef-icon-with-text qodef-layout--before-content qodef--icon-pack\">\n\t<div class=\"qodef-m-icon-wrapper\">\n\t\t<span class=\"qodef-shortcode qodef-m  qodef-icon-holder qodef-size--default qodef-layout--normal\"  >\t\t\t\t<\/span>\t<\/div>\n\t<div class=\"qodef-m-content\">\n\t\t\t<h4 class=\"qodef-m-title\" >\n\t\t\t\t\t<span class=\"qodef-m-title-text\">Info<\/span>\n\t\t\t<\/h4>\n\t\t\t<\/div>\n<\/div>\n\t\t\t\t<\/div>\n\t\t\t\t<\/div>\n\t\t\t\t<div class=\"elementor-element elementor-element-936df4a elementor-widget elementor-widget-text-editor\" data-id=\"936df4a\" data-element_type=\"widget\" data-widget_type=\"text-editor.default\">\n\t\t\t\t\t\t\t\t\t<div class=\"page\" title=\"Page 1\"><div class=\"layoutArea\"><div class=\"column\"><p>DoB: 1954 Californie<\/p><\/div><\/div><\/div>\t\t\t\t\t\t\t\t<\/div>\n\t\t\t\t<div class=\"elementor-element elementor-element-6966551 elementor-widget elementor-widget-henrik_core_icon_with_text\" data-id=\"6966551\" data-element_type=\"widget\" data-widget_type=\"henrik_core_icon_with_text.default\">\n\t\t\t\t<div class=\"elementor-widget-container\">\n\t\t\t\t\t<div class=\"qodef-shortcode qodef-m  qodef-icon-with-text qodef-layout--before-content qodef--icon-pack\">\n\t<div class=\"qodef-m-icon-wrapper\">\n\t\t<span class=\"qodef-shortcode qodef-m  qodef-icon-holder qodef-size--default qodef-layout--normal\"  >\t\t\t\t<\/span>\t<\/div>\n\t<div class=\"qodef-m-content\">\n\t\t\t<h4 class=\"qodef-m-title\" >\n\t\t\t\t\t<span class=\"qodef-m-title-text\">Links<\/span>\n\t\t\t<\/h4>\n\t\t\t<\/div>\n<\/div>\n\t\t\t\t<\/div>\n\t\t\t\t<\/div>\n\t\t\t\t<div class=\"elementor-element elementor-element-35e2bdf elementor-widget elementor-widget-text-editor\" data-id=\"35e2bdf\" data-element_type=\"widget\" data-widget_type=\"text-editor.default\">\n\t\t\t\t\t\t\t\t\t<a class=\"qodef-custom-inner-link\" href=\"https:\/\/katinusa.com\" target=\"_blank\" rel=\"noopener\">katinusa.com<\/a>\n\n<a class=\"qodef-custom-inner-link\" href=\"https:\/\/www.instagram.com\/katinusa\/\" target=\"_blank\" rel=\"noopener\">Instagram<\/a>\t\t\t\t\t\t\t\t<\/div>\n\t\t\t\t\t<\/div>\n\t\t<\/div>\n\t\t\t\t<div class=\"elementor-column elementor-col-33 elementor-top-column elementor-element elementor-element-f75c9e6\" data-id=\"f75c9e6\" data-element_type=\"column\">\n\t\t\t<div class=\"elementor-widget-wrap elementor-element-populated\">\n\t\t\t\t\t\t<div class=\"elementor-element elementor-element-2875711 elementor-widget elementor-widget-henrik_core_icon_with_text\" data-id=\"2875711\" data-element_type=\"widget\" data-widget_type=\"henrik_core_icon_with_text.default\">\n\t\t\t\t<div class=\"elementor-widget-container\">\n\t\t\t\t\t<div class=\"qodef-shortcode qodef-m  qodef-icon-with-text qodef-layout--before-content qodef--icon-pack\">\n\t<div class=\"qodef-m-icon-wrapper\">\n\t\t<span class=\"qodef-shortcode qodef-m  qodef-icon-holder qodef-size--default qodef-layout--normal\"  >\t\t\t\t<\/span>\t<\/div>\n\t<div class=\"qodef-m-content\">\n\t\t\t<h4 class=\"qodef-m-title\" >\n\t\t\t\t\t<span class=\"qodef-m-title-text\">Produits<\/span>\n\t\t\t<\/h4>\n\t\t\t<\/div>\n<\/div>\n\t\t\t\t<\/div>\n\t\t\t\t<\/div>\n\t\t\t\t<div class=\"elementor-element elementor-element-931ee62 elementor-widget elementor-widget-spacer\" data-id=\"931ee62\" data-element_type=\"widget\" data-widget_type=\"spacer.default\">\n\t\t\t\t\t\t\t<div class=\"elementor-spacer\">\n\t\t\t<div class=\"elementor-spacer-inner\"><\/div>\n\t\t<\/div>\n\t\t\t\t\t\t<\/div>\n\t\t\t\t<div class=\"elementor-element elementor-element-e2eb53c elementor-widget__width-auto entoure elementor-widget elementor-widget-text-editor\" data-id=\"e2eb53c\" data-element_type=\"widget\" data-widget_type=\"text-editor.default\">\n\t\t\t\t\t\t\t\t\t<p><a href=\"https:\/\/www.katinusa.com\/\" target=\"_blank\" rel=\"noopener\">Homme<\/a><\/p>\t\t\t\t\t\t\t\t<\/div>\n\t\t\t\t<div class=\"elementor-element elementor-element-ab76fb6 elementor-widget elementor-widget-spacer\" data-id=\"ab76fb6\" data-element_type=\"widget\" data-widget_type=\"spacer.default\">\n\t\t\t\t\t\t\t<div class=\"elementor-spacer\">\n\t\t\t<div class=\"elementor-spacer-inner\"><\/div>\n\t\t<\/div>\n\t\t\t\t\t\t<\/div>\n\t\t\t\t<div class=\"elementor-element elementor-element-bb9422b elementor-widget__width-auto entoure elementor-widget elementor-widget-text-editor\" data-id=\"bb9422b\" data-element_type=\"widget\" data-widget_type=\"text-editor.default\">\n\t\t\t\t\t\t\t\t\t<p><a href=\"https:\/\/www.katinusa.com\/collections\/boys\" target=\"_blank\" rel=\"noopener\">gar\u00e7on<\/a><\/p>\t\t\t\t\t\t\t\t<\/div>\n\t\t\t\t<div class=\"elementor-element elementor-element-198290a elementor-widget elementor-widget-spacer\" data-id=\"198290a\" data-element_type=\"widget\" data-widget_type=\"spacer.default\">\n\t\t\t\t\t\t\t<div class=\"elementor-spacer\">\n\t\t\t<div class=\"elementor-spacer-inner\"><\/div>\n\t\t<\/div>\n\t\t\t\t\t\t<\/div>\n\t\t\t\t<div class=\"elementor-element elementor-element-51bf89c elementor-widget elementor-widget-spacer\" data-id=\"51bf89c\" data-element_type=\"widget\" data-widget_type=\"spacer.default\">\n\t\t\t\t\t\t\t<div class=\"elementor-spacer\">\n\t\t\t<div class=\"elementor-spacer-inner\"><\/div>\n\t\t<\/div>\n\t\t\t\t\t\t<\/div>\n\t\t\t\t\t<\/div>\n\t\t<\/div>\n\t\t\t\t\t<\/div>\n\t\t<\/section>\n\t\t\t\t<section class=\"elementor-section elementor-top-section elementor-element elementor-element-d9fbe1c elementor-section-full_width elementor-section-height-default elementor-section-height-default qodef-elementor-content-no\" data-id=\"d9fbe1c\" data-element_type=\"section\">\n\t\t\t\t\t\t<div class=\"elementor-container elementor-column-gap-default\">\n\t\t\t\t\t<div class=\"elementor-column elementor-col-100 elementor-top-column elementor-element elementor-element-49829ef\" data-id=\"49829ef\" data-element_type=\"column\">\n\t\t\t<div class=\"elementor-widget-wrap elementor-element-populated\">\n\t\t\t\t\t\t<div class=\"elementor-element elementor-element-a5bb96e elementor-widget elementor-widget-henrik_core_image_gallery\" data-id=\"a5bb96e\" data-element_type=\"widget\" data-widget_type=\"henrik_core_image_gallery.default\">\n\t\t\t\t<div class=\"elementor-widget-container\">\n\t\t\t\t\t<div class=\"qodef-shortcode qodef-m  qodef-image-gallery  qodef-grid qodef-layout--masonry qodef-layout--masonry  qodef-gutter--large qodef-col-num--2  qodef-responsive--predefined\">\n\t<div class=\"qodef-grid-inner clear\">\n\t\t\t<div class=\"qodef-grid-masonry-sizer\"><\/div>\n\t<div class=\"qodef-grid-masonry-gutter\"><\/div>\n<div class=\"qodef-e qodef-image-wrapper qodef-grid-item qodef-grid-item\">\n\t\t\t<img fetchpriority=\"high\" decoding=\"async\" width=\"1500\" height=\"1001\" src=\"https:\/\/french-albion.com\/wp-content\/uploads\/2022\/11\/French-Albion-Katin-06-RESIZED-jpeg.webp\" class=\"attachment-full size-full\" alt=\"\" \/>\t<\/div>\n<div class=\"qodef-e qodef-image-wrapper qodef-grid-item qodef-grid-item\">\n\t\t\t<img decoding=\"async\" width=\"1500\" height=\"1001\" src=\"https:\/\/french-albion.com\/wp-content\/uploads\/2022\/11\/French-Albion-Katin-15-RESIZED-jpeg.webp\" class=\"attachment-full size-full\" alt=\"\" \/>\t<\/div>\n<div class=\"qodef-e qodef-image-wrapper qodef-grid-item qodef-grid-item\">\n\t\t\t<img loading=\"lazy\" decoding=\"async\" width=\"1500\" height=\"1001\" src=\"https:\/\/french-albion.com\/wp-content\/uploads\/2022\/11\/French-Albion-Katin-08-RESIZED-jpeg.webp\" class=\"attachment-full size-full\" alt=\"\" \/>\t<\/div>\n<div class=\"qodef-e qodef-image-wrapper qodef-grid-item qodef-grid-item\">\n\t\t\t<img loading=\"lazy\" decoding=\"async\" width=\"1500\" height=\"1001\" src=\"https:\/\/french-albion.com\/wp-content\/uploads\/2022\/11\/French-Albion-Katin-23-RESIZED-jpeg.webp\" class=\"attachment-full size-full\" alt=\"\" \/>\t<\/div>\n<div class=\"qodef-e qodef-image-wrapper qodef-grid-item qodef-grid-item\">\n\t\t\t<img loading=\"lazy\" decoding=\"async\" width=\"1500\" height=\"1001\" src=\"https:\/\/french-albion.com\/wp-content\/uploads\/2022\/11\/French-Albion-Katin-07-RESIZED-jpeg.webp\" class=\"attachment-full size-full\" alt=\"\" \/>\t<\/div>\n<div class=\"qodef-e qodef-image-wrapper qodef-grid-item qodef-grid-item\">\n\t\t\t<img loading=\"lazy\" decoding=\"async\" width=\"1500\" height=\"1001\" src=\"https:\/\/french-albion.com\/wp-content\/uploads\/2022\/11\/French-Albion-Katin-04-RESIZED-jpeg.webp\" class=\"attachment-full size-full\" alt=\"\" \/>\t<\/div>\n<div class=\"qodef-e qodef-image-wrapper qodef-grid-item qodef-grid-item\">\n\t\t\t<img loading=\"lazy\" decoding=\"async\" width=\"1500\" height=\"1000\" src=\"https:\/\/french-albion.com\/wp-content\/uploads\/2023\/05\/Katin-Boys-03-resized-jpeg.webp\" class=\"attachment-full size-full\" alt=\"\" srcset=\"https:\/\/french-albion.com\/wp-content\/uploads\/2023\/05\/Katin-Boys-03-resized-jpeg.webp 1500w, https:\/\/french-albion.com\/wp-content\/uploads\/2023\/05\/Katin-Boys-03-resized-300x200.webp 300w, https:\/\/french-albion.com\/wp-content\/uploads\/2023\/05\/Katin-Boys-03-resized-1024x683.webp 1024w, https:\/\/french-albion.com\/wp-content\/uploads\/2023\/05\/Katin-Boys-03-resized-768x512.webp 768w\" sizes=\"(max-width: 1500px) 100vw, 1500px\" \/>\t<\/div>\n<div class=\"qodef-e qodef-image-wrapper qodef-grid-item qodef-grid-item\">\n\t\t\t<img loading=\"lazy\" decoding=\"async\" width=\"1500\" height=\"1000\" src=\"https:\/\/french-albion.com\/wp-content\/uploads\/2023\/05\/Katin-Boys-01-resized-jpeg.webp\" class=\"attachment-full size-full\" alt=\"\" srcset=\"https:\/\/french-albion.com\/wp-content\/uploads\/2023\/05\/Katin-Boys-01-resized-jpeg.webp 1500w, https:\/\/french-albion.com\/wp-content\/uploads\/2023\/05\/Katin-Boys-01-resized-300x200.webp 300w, https:\/\/french-albion.com\/wp-content\/uploads\/2023\/05\/Katin-Boys-01-resized-1024x683.webp 1024w, https:\/\/french-albion.com\/wp-content\/uploads\/2023\/05\/Katin-Boys-01-resized-768x512.webp 768w\" sizes=\"(max-width: 1500px) 100vw, 1500px\" \/>\t<\/div>\n<div class=\"qodef-e qodef-image-wrapper qodef-grid-item qodef-grid-item\">\n\t\t\t<img loading=\"lazy\" decoding=\"async\" width=\"1500\" height=\"1000\" src=\"https:\/\/french-albion.com\/wp-content\/uploads\/2023\/05\/katin-04-boys-resized-jpeg.webp\" class=\"attachment-full size-full\" alt=\"\" srcset=\"https:\/\/french-albion.com\/wp-content\/uploads\/2023\/05\/katin-04-boys-resized-jpeg.webp 1500w, https:\/\/french-albion.com\/wp-content\/uploads\/2023\/05\/katin-04-boys-resized-300x200.webp 300w, https:\/\/french-albion.com\/wp-content\/uploads\/2023\/05\/katin-04-boys-resized-1024x683.webp 1024w, https:\/\/french-albion.com\/wp-content\/uploads\/2023\/05\/katin-04-boys-resized-768x512.webp 768w\" sizes=\"(max-width: 1500px) 100vw, 1500px\" \/>\t<\/div>\n<div class=\"qodef-e qodef-image-wrapper qodef-grid-item qodef-grid-item\">\n\t\t\t<img loading=\"lazy\" decoding=\"async\" width=\"1500\" height=\"1000\" src=\"https:\/\/french-albion.com\/wp-content\/uploads\/2023\/05\/Katin-boys-02-resized-jpeg.webp\" class=\"attachment-full size-full\" alt=\"\" srcset=\"https:\/\/french-albion.com\/wp-content\/uploads\/2023\/05\/Katin-boys-02-resized-jpeg.webp 1500w, https:\/\/french-albion.com\/wp-content\/uploads\/2023\/05\/Katin-boys-02-resized-300x200.webp 300w, https:\/\/french-albion.com\/wp-content\/uploads\/2023\/05\/Katin-boys-02-resized-1024x683.webp 1024w, https:\/\/french-albion.com\/wp-content\/uploads\/2023\/05\/Katin-boys-02-resized-768x512.webp 768w\" sizes=\"(max-width: 1500px) 100vw, 1500px\" \/>\t<\/div>\n\t<\/div>\n<\/div>\n\t\t\t\t<\/div>\n\t\t\t\t<\/div>\n\t\t\t\t\t<\/div>\n\t\t<\/div>\n\t\t\t\t\t<\/div>\n\t\t<\/section>\n\t\t\t\t<section class=\"elementor-section elementor-top-section elementor-element elementor-element-37a76fb elementor-section-full_width elementor-section-height-default elementor-section-height-default qodef-elementor-content-no\" data-id=\"37a76fb\" data-element_type=\"section\">\n\t\t\t\t\t\t<div class=\"elementor-container elementor-column-gap-default\">\n\t\t\t\t\t<div class=\"elementor-column elementor-col-100 elementor-top-column elementor-element elementor-element-2924f73\" data-id=\"2924f73\" data-element_type=\"column\">\n\t\t\t<div class=\"elementor-widget-wrap elementor-element-populated\">\n\t\t\t\t\t\t<div class=\"elementor-element elementor-element-9ade570 elementor-widget__width-auto elementor-widget elementor-widget-henrik_core_button\" data-id=\"9ade570\" data-element_type=\"widget\" data-widget_type=\"henrik_core_button.default\">\n\t\t\t\t<div class=\"elementor-widget-container\">\n\t\t\t\t\t<a class=\"qodef-shortcode qodef-m  qodef-button qodef-layout--textual   qodef-html--link\" href=\"https:\/\/french-albion.com\/fr\/marques\/\" target=\"_self\"  style=\"font-size: 40px;font-weight: 500\">\n\t<span class=\"qodef-m-text\">&lt; NOS MARQUES<\/span>\n<\/a>\n\t\t\t\t<\/div>\n\t\t\t\t<\/div>\n\t\t\t\t\t<\/div>\n\t\t<\/div>\n\t\t\t\t\t<\/div>\n\t\t<\/section>\n\t\t\t\t<\/div>\n\t\t","protected":false},"excerpt":{"rendered":"<p>Katin Avec la cr\u00e9ation du tout premier maillot de surf au monde fait en toile de couvertures de bateau, Katin est la pionni\u00e8re de la culture surf am\u00e9ricaine et reconnue pour ses produits durables, bien con\u00e7us et de premi\u00e8re qualit\u00e9. Info DoB: 1954 Californie Links katinusa.com Instagram Produits Homme gar\u00e7on &lt; NOS MARQUES<\/p>\n","protected":false},"author":1,"featured_media":0,"parent":8551,"menu_order":0,"comment_status":"closed","ping_status":"closed","template":"page-full-width.php","meta":{"footnotes":""},"class_list":["post-8951","page","type-page","status-publish","hentry"],"aioseo_notices":[],"_links":{"self":[{"href":"https:\/\/french-albion.com\/fr\/wp-json\/wp\/v2\/pages\/8951","targetHints":{"allow":["GET"]}}],"collection":[{"href":"https:\/\/french-albion.com\/fr\/wp-json\/wp\/v2\/pages"}],"about":[{"href":"https:\/\/french-albion.com\/fr\/wp-json\/wp\/v2\/types\/page"}],"author":[{"embeddable":true,"href":"https:\/\/french-albion.com\/fr\/wp-json\/wp\/v2\/users\/1"}],"replies":[{"embeddable":true,"href":"https:\/\/french-albion.com\/fr\/wp-json\/wp\/v2\/comments?post=8951"}],"version-history":[{"count":24,"href":"https:\/\/french-albion.com\/fr\/wp-json\/wp\/v2\/pages\/8951\/revisions"}],"predecessor-version":[{"id":11769,"href":"https:\/\/french-albion.com\/fr\/wp-json\/wp\/v2\/pages\/8951\/revisions\/11769"}],"up":[{"embeddable":true,"href":"https:\/\/french-albion.com\/fr\/wp-json\/wp\/v2\/pages\/8551"}],"wp:attachment":[{"href":"https:\/\/french-albion.com\/fr\/wp-json\/wp\/v2\/media?parent=8951"}],"curies":[{"name":"wp","href":"https:\/\/api.w.org\/{rel}","templated":true}]}}